{"id":3641,"date":"2013-03-13T16:43:54","date_gmt":"2013-03-13T15:43:54","guid":{"rendered":"http:\/\/cmpaix.eu\/fr\/?page_id=3641"},"modified":"2025-07-03T15:22:03","modified_gmt":"2025-07-03T13:22:03","slug":"centre-mondial-de-la-paix","status":"publish","type":"page","link":"http:\/\/cmpaix.eu\/fr\/centre-mondial-de-la-paix\/","title":{"rendered":"Mus\u00e9e"},"content":{"rendered":"<div class=\"fusion-fullwidth fullwidth-box fusion-builder-row-1 hundred-percent-fullwidth non-hundred-percent-height-scrolling\" style=\"--awb-border-radius-top-left:0px;--awb-border-radius-top-right:0px;--awb-border-radius-bottom-right:0px;--awb-border-radius-bottom-left:0px;--awb-overflow:visible;--awb-padding-right:30px;--awb-padding-left:30px;--awb-margin-top:-50px;--awb-background-color:rgba(255,255,255,0);--awb-flex-wrap:wrap;\" ><\/p>\n<div class=\"fusion-sep-clear\"><\/div><div class=\"fusion-separator fusion-full-width-sep\" style=\"margin-left: auto;margin-right: auto;margin-top:20px;margin-bottom:20px;width:100%;\"><\/div><div class=\"fusion-sep-clear\"><\/div>\n<p class=\"fr-btn-rouge text-white at-external-link-click\">&gt;&gt; Qui sommes-nous ?<\/p>\n<div class=\"fusion-sep-clear\"><\/div><div class=\"fusion-separator fusion-full-width-sep\" style=\"margin-left: auto;margin-right: auto;margin-top:-20px;margin-bottom:-20px;width:100%;\"><\/div><div class=\"fusion-sep-clear\"><\/div>\n<div class=\"fusion-sep-clear\"><\/div><div class=\"fusion-separator fusion-full-width-sep\" style=\"margin-left: auto;margin-right: auto;margin-top:10px;margin-bottom:10px;width:100%;\"><\/div><div class=\"fusion-sep-clear\"><\/div><img class=\"lazyload\" decoding=\"async\" style=\"padding-bottom: 1em; float: right; margin: 15px;\" src=\"data:image\/svg+xml,%3Csvg%20xmlns%3D%27http%3A%2F%2Fwww.w3.org%2F2000%2Fsvg%27%20width%3D%27264%27%20height%3D%27197%27%20viewBox%3D%270%200%20264%20197%27%3E%3Crect%20width%3D%27264%27%20height%3D%27197%27%20fill-opacity%3D%220%22%2F%3E%3C%2Fsvg%3E\" data-orig-src=\"http:\/\/cmpaix.eu\/fr\/wp-content\/uploads\/2020\/05\/bandeau-cmp.jpg\" alt=\"\" width=\"264\" height=\"197\"><\/p>\n<p class=\"accueil_bg_orange shadow\">Situ\u00e9 dans le prestigieux palais \u00e9piscopal de Verdun, le Centre Mondial de la Paix, des libert\u00e9s et des droits de l&rsquo;Homme est<strong> un lieu d&rsquo;expositions ( en cours de restructuration ) et d&rsquo;\u00e9v\u00e9nements<\/strong> qui permettent aux visiteurs des sites m\u00e9moriels 14-18 une v\u00e9ritable mise en perspective de l&rsquo;histoire : celle qui m\u00e8ne \u00e0 l&rsquo;enchainement de 3 guerres dont deux mondiales et celle qui permet \u00e0 la France et \u00e0 l&rsquo;Allemagne de sortir de ce tourbillon meurtrier pour construire un autre avenir sur le continent europ\u00e9en.<br \/>\n<strong>Acteur incontournable du franco-allemand<\/strong>, le centre offre des d\u00e9couvertes \u00e0 ne pas manquer : Un morceau du Mur de Berlin, la cloche de la Libert\u00e9, le b\u00e2timent et le jardin class\u00e9s monuments historiques&#8230;<\/p>\n<hr align=\"center\" size=\"1\" width=\"30%\">\n<p class=\"accueil_bg_orange shadow\">Un p\u00f4le h\u00e9bergement collectif et des salles de r\u00e9ception<\/p>\n<p class=\"accueil_bg_orange shadow\">Acteur du tourisme d&rsquo;affaires, le Centre Mondial de la Paix dispose de salles de r\u00e9ception de 20 \u00e0 300 places et notamment :<br \/>\n&#8211; La salle des audiences, id\u00e9ale pour l&rsquo;organisation de r\u00e9ceptions et s\u00e9minaires (300 places)<br \/>\n&#8211; La salle vo\u00fbt\u00e9e (100 places), salle cin\u00e9ma 4K, Dolby ATMOS<br \/>\n&#8211; Salle de restauration<br \/>\n&#8211; Un p\u00f4le h\u00e9bergement collectif de 56 lits : id\u00e9al pour des groupes scolaires<\/p>\n<hr align=\"center\" size=\"1\" width=\"30%\">\n<p class=\"accueil_bg_orange shadow\">Un espace boutique<\/p>\n<p class=\"accueil_bg_orange shadow\">Comment quitter le Centre Mondial de la Paix sans passer par sa boutique avec plus de 600 r\u00e9f\u00e9rences : livres, BD, souvenirs&#8230;. adapt\u00e9s aux adultes et au jeune public.<strong>Site \u00e9quip\u00e9 de bornes de recharge pour v\u00e9hicules \u00e9lectriques<\/strong>.<\/p>\n<div class=\"fusion-sep-clear\"><\/div><div class=\"fusion-separator fusion-full-width-sep\" style=\"margin-left: auto;margin-right: auto;margin-top:20px;margin-bottom:20px;width:100%;\"><\/div><div class=\"fusion-sep-clear\"><\/div>\n<p><\/div>\n","protected":false},"excerpt":{"rendered":"","protected":false},"author":1,"featured_media":0,"parent":0,"menu_order":0,"comment_status":"closed","ping_status":"closed","template":"100-width.php","meta":{"ngg_post_thumbnail":0,"footnotes":""},"class_list":["post-3641","page","type-page","status-publish","hentry"],"_links":{"self":[{"href":"http:\/\/cmpaix.eu\/fr\/wp-json\/wp\/v2\/pages\/3641","targetHints":{"allow":["GET"]}}],"collection":[{"href":"http:\/\/cmpaix.eu\/fr\/wp-json\/wp\/v2\/pages"}],"about":[{"href":"http:\/\/cmpaix.eu\/fr\/wp-json\/wp\/v2\/types\/page"}],"author":[{"embeddable":true,"href":"http:\/\/cmpaix.eu\/fr\/wp-json\/wp\/v2\/users\/1"}],"replies":[{"embeddable":true,"href":"http:\/\/cmpaix.eu\/fr\/wp-json\/wp\/v2\/comments?post=3641"}],"version-history":[{"count":95,"href":"http:\/\/cmpaix.eu\/fr\/wp-json\/wp\/v2\/pages\/3641\/revisions"}],"predecessor-version":[{"id":14971,"href":"http:\/\/cmpaix.eu\/fr\/wp-json\/wp\/v2\/pages\/3641\/revisions\/14971"}],"wp:attachment":[{"href":"http:\/\/cmpaix.eu\/fr\/wp-json\/wp\/v2\/media?parent=3641"}],"curies":[{"name":"wp","href":"https:\/\/api.w.org\/{rel}","templated":true}]}}