{"id":3643,"date":"2013-03-13T16:57:10","date_gmt":"2013-03-13T15:57:10","guid":{"rendered":"http:\/\/cmpaix.eu\/fr\/?page_id=3643"},"modified":"2026-04-28T10:58:11","modified_gmt":"2026-04-28T08:58:11","slug":"location-salles","status":"publish","type":"page","link":"http:\/\/cmpaix.eu\/fr\/location-salles\/","title":{"rendered":"Locations de salles"},"content":{"rendered":"<div class=\"fusion-sep-clear\"><\/div><div class=\"fusion-separator fusion-full-width-sep\" style=\"margin-left: auto;margin-right: auto;margin-top:10px;margin-bottom:10px;width:100%;\"><\/div><div class=\"fusion-sep-clear\"><\/div>\n<div class=\"fusion-fullwidth fullwidth-box fusion-builder-row-1 hundred-percent-fullwidth non-hundred-percent-height-scrolling\" style=\"--awb-border-radius-top-left:0px;--awb-border-radius-top-right:0px;--awb-border-radius-bottom-right:0px;--awb-border-radius-bottom-left:0px;--awb-overflow:visible;--awb-padding-right:30px;--awb-padding-left:30px;--awb-margin-top:-30px;--awb-background-color:rgba(255,255,255,0);--awb-flex-wrap:wrap;\" ><\/p>\n<p class=\"fr-btn-orange text-white at-external-link-click\">&gt;&gt; INFORMATION POUR 2026 pour l&rsquo;organisation de c\u00e9l\u00e9brations ( Mariages, anniversaires&#8230; )<\/p>\n<div class=\"fusion-sep-clear\"><\/div><div class=\"fusion-separator fusion-full-width-sep\" style=\"margin-left: auto;margin-right: auto;margin-top:-20px;margin-bottom:-20px;width:100%;\"><\/div><div class=\"fusion-sep-clear\"><\/div>\n<div class=\"accueil_bg_orange shadow\">\n<div class=\"fusion-sep-clear\"><\/div><div class=\"fusion-separator fusion-full-width-sep\" style=\"margin-left: auto;margin-right: auto;margin-top:10px;margin-bottom:10px;width:100%;\"><\/div><div class=\"fusion-sep-clear\"><\/div>\n<h2><strong>L&rsquo;ensemble de nos espaces sont d&rsquo;ores et d\u00e9j\u00e0 r\u00e9serv\u00e9s pour les p\u00e9riodes suivantes :&nbsp;<\/strong><\/h2>\n<p><strong>Avril<\/strong> : Du 24\/04 au 27\/04, du 01\/05 au 04\/05<\/p>\n<p><strong>Mai<\/strong> : Du 22\/05 au 25\/05, du 29\/05 au 01\/06<\/p>\n<p><strong>Juin<\/strong> : Du 05\/06 au 08\/06, du 12\/06 au 15\/06, du 19\/06 au 22\/06, du 26\/06 au 29\/06<\/p>\n<p><strong>Juillet<\/strong> : Du 03\/07 au 06\/07, du 10\/07 au 13\/07, du 17\/07 au 20\/07, du 24\/07 au 27\/07,<\/p>\n<p><strong>Juillet\/Aout<\/strong> : Du 31\/07 au 03\/08, du 07\/08 au 10\/08<\/p>\n<p><\/div>\n<\/div>\n<div class=\"fusion-sep-clear\"><\/div><div class=\"fusion-separator fusion-full-width-sep\" style=\"margin-left: auto;margin-right: auto;margin-top:10px;margin-bottom:10px;width:100%;\"><\/div><div class=\"fusion-sep-clear\"><\/div>\n<div class=\"fusion-fullwidth fullwidth-box fusion-builder-row-2 hundred-percent-fullwidth non-hundred-percent-height-scrolling\" style=\"--awb-border-radius-top-left:0px;--awb-border-radius-top-right:0px;--awb-border-radius-bottom-right:0px;--awb-border-radius-bottom-left:0px;--awb-overflow:visible;--awb-padding-right:30px;--awb-padding-left:30px;--awb-margin-top:-30px;--awb-background-color:rgba(255,255,255,0);--awb-flex-wrap:wrap;\" ><\/p>\n<p class=\"fr-btn-orange text-white at-external-link-click\">&gt;&gt; Notre offre<\/p>\n<div class=\"fusion-sep-clear\"><\/div><div class=\"fusion-separator fusion-full-width-sep\" style=\"margin-left: auto;margin-right: auto;margin-top:-20px;margin-bottom:-20px;width:100%;\"><\/div><div class=\"fusion-sep-clear\"><\/div>\n<div class=\"accueil_bg_orange shadow\">\n<div class=\"fusion-sep-clear\"><\/div><div class=\"fusion-separator fusion-full-width-sep\" style=\"margin-left: auto;margin-right: auto;margin-top:10px;margin-bottom:10px;width:100%;\"><\/div><div class=\"fusion-sep-clear\"><\/div>\n<h4>Situ\u00e9 \u00e0 Verdun, dans l\u2019ancien palais \u00e9piscopal, le Centre Mondial de la Paix est le lieu id\u00e9al pour l\u2019organisation de r\u00e9unions, colloques, s\u00e9minaires&#8230;<\/h4>\n<p>Il offre \u00e9galement un cadre exceptionnel et prestigieux pour l\u2019organisation de mariages et autres r\u00e9unions familiales.<br \/>\n<!--\n<strong>Un protocole sanitaire a \u00e9t\u00e9 mis en place afin de vous accueillir dans de parfaites conditions <\/strong><a href=\"http:\/\/www.cmpaix.fr\/docs\/200907 Protocole Sanitaire TOURISME AFFAIRES cmp.pdf\" target=\"_blank\" rel=\"noopener noreferrer\">(en savoir plus)<\/a>\nChaque espace, chaque commun est d\u00e9sinfect\u00e9 entre 2 utilisations. Cette d\u00e9sinfection concerne les surfaces du mobilier et des locaux, les toilettes, les ouvrants\u2026 <strong>La d\u00e9sinfection est factur\u00e9e \u00e0 chaque utilisateur<\/strong> --><\/p>\n<\/div>\n<p><\/div>\n<p class=\"fr-btn-orange text-white at-external-link-click shadow\">&gt;&gt; Nos espaces<\/p>\n<div class=\"fusion-sep-clear\"><\/div><div class=\"fusion-separator fusion-full-width-sep\" style=\"margin-left: auto;margin-right: auto;margin-top:5px;margin-bottom:5px;width:100%;\"><\/div><div class=\"fusion-sep-clear\"><\/div>\n<p><div class=\"fusion-fullwidth fullwidth-box fusion-builder-row-3 hundred-percent-fullwidth non-hundred-percent-height-scrolling\" style=\"--awb-border-radius-top-left:0px;--awb-border-radius-top-right:0px;--awb-border-radius-bottom-right:0px;--awb-border-radius-bottom-left:0px;--awb-overflow:visible;--awb-padding-right:30px;--awb-padding-left:30px;--awb-margin-top:-35px;--awb-background-color:rgba(255,255,255,0);--awb-flex-wrap:wrap;\" ><div class=\"fusion-builder-row fusion-row\"><div class=\"fusion-layout-column fusion_builder_column fusion-builder-column-0 fusion_builder_column_1_1 1_1 fusion-one-full fusion-column-first fusion-column-last fusion-column-no-min-height\" style=\"--awb-bg-size:cover;--awb-margin-bottom:0px;\"><div class=\"fusion-column-wrapper fusion-flex-column-wrapper-legacy\"><div class=\"fusion-sep-clear\"><\/div><div class=\"fusion-separator fusion-full-width-sep\" style=\"margin-left: auto;margin-right: auto;width:100%;\"><\/div><div class=\"fusion-sep-clear\"><\/div>\n<div class=\"fusion-clearfix\"><\/div><\/div><\/div><\/div><\/div><div class=\"fusion-fullwidth fullwidth-box fusion-builder-row-4 hundred-percent-fullwidth non-hundred-percent-height-scrolling\" style=\"--awb-border-radius-top-left:0px;--awb-border-radius-top-right:0px;--awb-border-radius-bottom-right:0px;--awb-border-radius-bottom-left:0px;--awb-overflow:visible;--awb-padding-right:30px;--awb-padding-left:30px;--awb-flex-wrap:wrap;\" ><div class=\"fusion-builder-row fusion-row\"><div class=\"fusion-layout-column fusion_builder_column fusion-builder-column-1 fusion_builder_column_1_1 1_1 fusion-one-full fusion-column-first fusion-column-last fusion-column-no-min-height\" style=\"--awb-bg-size:cover;--awb-margin-bottom:0px;\"><div class=\"fusion-column-wrapper fusion-flex-column-wrapper-legacy\"><div class=\"fusion-tabs fusion-tabs-1 classic nav-is-justified horizontal-tabs icon-position-left mobile-mode-accordion\" style=\"--awb-title-border-radius-top-left:0px;--awb-title-border-radius-top-right:0px;--awb-title-border-radius-bottom-right:0px;--awb-title-border-radius-bottom-left:0px;--awb-inactive-color:#ebeaea;--awb-background-color:#ffffff;--awb-border-color:#ebeaea;--awb-active-border-color:#1a80b6;\"><div class=\"nav\"><ul class=\"nav-tabs nav-justified\" role=\"tablist\"><li class=\"active\" role=\"presentation\"><a class=\"tab-link\" data-toggle=\"tab\" role=\"tab\" aria-controls=\"tab-610aee5fdf1b625b153\" aria-selected=\"true\" id=\"fusion-tab-salledesaudiences\" href=\"#tab-610aee5fdf1b625b153\"><h4 class=\"fusion-tab-heading\">Salle des audiences<\/h4><\/a><\/li><li role=\"presentation\"><a class=\"tab-link\" data-toggle=\"tab\" role=\"tab\" aria-controls=\"tab-856d693f5915f5a6978\" aria-selected=\"false\" tabindex=\"-1\" id=\"fusion-tab-salledesboiseries\" href=\"#tab-856d693f5915f5a6978\"><h4 class=\"fusion-tab-heading\">Salle des boiseries<\/h4><\/a><\/li><li role=\"presentation\"><a class=\"tab-link\" data-toggle=\"tab\" role=\"tab\" aria-controls=\"tab-0d3407904916328c2ee\" aria-selected=\"false\" tabindex=\"-1\" id=\"fusion-tab-forum\" href=\"#tab-0d3407904916328c2ee\"><h4 class=\"fusion-tab-heading\">Forum<\/h4><\/a><\/li><li role=\"presentation\"><a class=\"tab-link\" data-toggle=\"tab\" role=\"tab\" aria-controls=\"tab-d320ac8f9f4a03992fe\" aria-selected=\"false\" tabindex=\"-1\" id=\"fusion-tab-salledeprojection\" href=\"#tab-d320ac8f9f4a03992fe\"><h4 class=\"fusion-tab-heading\">Salle de projection<\/h4><\/a><\/li><li role=\"presentation\"><a class=\"tab-link\" data-toggle=\"tab\" role=\"tab\" aria-controls=\"tab-efe927feac20d70b3ed\" aria-selected=\"false\" tabindex=\"-1\" id=\"fusion-tab-jardins\" href=\"#tab-efe927feac20d70b3ed\"><h4 class=\"fusion-tab-heading\">Jardins<\/h4><\/a><\/li><\/ul><\/div><div class=\"tab-content\"><div class=\"nav fusion-mobile-tab-nav\"><ul class=\"nav-tabs nav-justified\" role=\"tablist\"><li class=\"active\" role=\"presentation\"><a class=\"tab-link\" data-toggle=\"tab\" role=\"tab\" aria-controls=\"tab-610aee5fdf1b625b153\" aria-selected=\"true\" id=\"mobile-fusion-tab-salledesaudiences\" href=\"#tab-610aee5fdf1b625b153\"><h4 class=\"fusion-tab-heading\">Salle des audiences<\/h4><\/a><\/li><\/ul><\/div><div class=\"tab-pane fade fusion-clearfix in active\" role=\"tabpanel\" tabindex=\"0\" aria-labelledby=\"fusion-tab-salledesaudiences\" id=\"tab-610aee5fdf1b625b153\">\n<div class=\"fusion-builder-row fusion-builder-row-inner fusion-row\"><div class=\"fusion-layout-column fusion_builder_column_inner fusion-builder-nested-column-0 fusion_builder_column_inner_1_2 1_2 fusion-one-half fusion-column-first\" style=\"--awb-bg-size:cover;width:50%;width:calc(50% - ( ( 4% ) * 0.5 ) );margin-right: 4%;\"><div class=\"fusion-column-wrapper fusion-flex-column-wrapper-legacy\">\n<p><img class=\"lazyload\" decoding=\"async\" src=\"data:image\/svg+xml,%3Csvg%20xmlns%3D%27http%3A%2F%2Fwww.w3.org%2F2000%2Fsvg%27%20width%3D%27354%27%20height%3D%27266%27%20viewBox%3D%270%200%20354%20266%27%3E%3Crect%20width%3D%27354%27%20height%3D%27266%27%20fill-opacity%3D%220%22%2F%3E%3C%2Fsvg%3E\" data-orig-src=\"http:\/\/cmpaix.eu\/fr\/wp-content\/uploads\/2013\/03\/salle-des-audiences.jpg\"><div class=\"fusion-clearfix\"><\/div><\/div><\/div>\n<div class=\"fusion-layout-column fusion_builder_column_inner fusion-builder-nested-column-1 fusion_builder_column_inner_1_2 1_2 fusion-one-half fusion-column-last\" style=\"--awb-bg-size:cover;width:50%;width:calc(50% - ( ( 4% ) * 0.5 ) );\"><div class=\"fusion-column-wrapper fusion-flex-column-wrapper-legacy\">\nTransform\u00e9e en chapelle et en biblioth\u00e8que pour les besoins de l\u2019ancien grand s\u00e9minaire, cette salle est destin\u00e9e \u00e0 la tenue de grandes r\u00e9ceptions, de concerts, de conf\u00e9rences, d\u2019expositions.<br \/>\nId\u00e9ale pour les rencontres de prestige<\/p>\n<ul class=\"arrow\">\n<li style=\"list-style-type: none;\">\n<ul class=\"arrow\">\n<li>Places assises : 180<\/li>\n<li>Superficie : 290 m\u00b2<\/li>\n<li>Tarif : 650 \u20ac *<br \/>\n<em>* Tarif susceptible de modification<\/em><\/li>\n<\/ul>\n<\/li>\n<\/ul>\n<h3>Nous contacter :<\/h3>\n<p>Vous souhaitez visiter une salle ou tout autre demande de renseignement<\/p>\n<p><strong>Centre Mondial de la Paix<\/strong><br \/>\nPlace Mgr Ginisty<br \/>\n55100 Verdun<br \/>\nT\u00e9l. 03 29 86 55 00<br \/>\nlocation@cmpaix.eu<\/p>\n<div class=\"fusion-clearfix\"><\/div><\/div><\/div><\/div>\n<\/div><div class=\"nav fusion-mobile-tab-nav\"><ul class=\"nav-tabs nav-justified\" role=\"tablist\"><li role=\"presentation\"><a class=\"tab-link\" data-toggle=\"tab\" role=\"tab\" aria-controls=\"tab-856d693f5915f5a6978\" aria-selected=\"false\" tabindex=\"-1\" id=\"mobile-fusion-tab-salledesboiseries\" href=\"#tab-856d693f5915f5a6978\"><h4 class=\"fusion-tab-heading\">Salle des boiseries<\/h4><\/a><\/li><\/ul><\/div><div class=\"tab-pane fade fusion-clearfix\" role=\"tabpanel\" tabindex=\"0\" aria-labelledby=\"fusion-tab-salledesaudiences\" id=\"tab-856d693f5915f5a6978\">\n<div class=\"fusion-builder-row fusion-builder-row-inner fusion-row\"><div class=\"fusion-layout-column fusion_builder_column_inner fusion-builder-nested-column-2 fusion_builder_column_inner_1_2 1_2 fusion-one-half fusion-column-first\" style=\"--awb-bg-size:cover;width:50%;width:calc(50% - ( ( 4% ) * 0.5 ) );margin-right: 4%;\"><div class=\"fusion-column-wrapper fusion-flex-column-wrapper-legacy\">\nAncienne salle de restauration du grand s\u00e9minaire,<br \/>\nid\u00e9ale pour de petites et moyennes r\u00e9ceptions.<\/p>\n<ul class=\"arrow\">\n<li style=\"list-style-type: none;\">\n<ul class=\"arrow\">\n<li>Places assises : 120<\/li>\n<li>Superficie : 150 m\u00b2<\/li>\n<li>Tarif : 500 \u20ac *<br \/>\n<em>* Tarif susceptible de modification<\/em><\/li>\n<\/ul>\n<\/li>\n<\/ul>\n<h3>Nous contacter :<\/h3>\n<p>Vous souhaitez visiter une salle ou tout autre demande de renseignement<\/p>\n<p><strong>Centre Mondial de la Paix<\/strong><br \/>\nPlace Mgr Ginisty<br \/>\n55100 Verdun<br \/>\nT\u00e9l. 03 29 86 55 00<br \/>\nlocation@cmpaix.eu<\/p>\n<div class=\"fusion-clearfix\"><\/div><\/div><\/div>\n<div class=\"fusion-layout-column fusion_builder_column_inner fusion-builder-nested-column-3 fusion_builder_column_inner_1_2 1_2 fusion-one-half fusion-column-last\" style=\"--awb-bg-size:cover;width:50%;width:calc(50% - ( ( 4% ) * 0.5 ) );\"><div class=\"fusion-column-wrapper fusion-flex-column-wrapper-legacy\">\n<p><img class=\"lazyload\" decoding=\"async\" src=\"data:image\/svg+xml,%3Csvg%20xmlns%3D%27http%3A%2F%2Fwww.w3.org%2F2000%2Fsvg%27%20width%3D%27354%27%20height%3D%27266%27%20viewBox%3D%270%200%20354%20266%27%3E%3Crect%20width%3D%27354%27%20height%3D%27266%27%20fill-opacity%3D%220%22%2F%3E%3C%2Fsvg%3E\" data-orig-src=\"http:\/\/cmpaix.eu\/fr\/wp-content\/uploads\/2013\/03\/salle-des-boiseries.jpg\"><div class=\"fusion-clearfix\"><\/div><\/div><\/div><\/div>\n<\/div><div class=\"nav fusion-mobile-tab-nav\"><ul class=\"nav-tabs nav-justified\" role=\"tablist\"><li role=\"presentation\"><a class=\"tab-link\" data-toggle=\"tab\" role=\"tab\" aria-controls=\"tab-0d3407904916328c2ee\" aria-selected=\"false\" tabindex=\"-1\" id=\"mobile-fusion-tab-forum\" href=\"#tab-0d3407904916328c2ee\"><h4 class=\"fusion-tab-heading\">Forum<\/h4><\/a><\/li><\/ul><\/div><div class=\"tab-pane fade fusion-clearfix\" role=\"tabpanel\" tabindex=\"0\" aria-labelledby=\"fusion-tab-salledesaudiences\" id=\"tab-0d3407904916328c2ee\">\n<div class=\"fusion-builder-row fusion-builder-row-inner fusion-row\"><div class=\"fusion-layout-column fusion_builder_column_inner fusion-builder-nested-column-4 fusion_builder_column_inner_1_2 1_2 fusion-one-half fusion-column-first\" style=\"--awb-bg-size:cover;width:50%;width:calc(50% - ( ( 4% ) * 0.5 ) );margin-right: 4%;\"><div class=\"fusion-column-wrapper fusion-flex-column-wrapper-legacy\">\nContigu \u00e0 la salle de projection, le Forum se compose d\u2019un espace pouvant accueillir expositions,<br \/>\ncocktails,\u2026 et d\u2019un amphith\u00e9\u00e2tre pour s\u00e9minaires et animations.<\/p>\n<ul class=\"arrow\">\n<li style=\"list-style-type: none;\">\n<ul class=\"arrow\">\n<li>Places assises : 130<\/li>\n<li>Superficie : 330 m\u00b2<\/li>\n<li>Tarif : 450 \u20ac*<br \/>\n<em>* Tarif susceptible de modification<\/em><\/li>\n<\/ul>\n<\/li>\n<\/ul>\n<h3>Nous contacter :<\/h3>\n<p>Vous souhaitez visiter une salle ou tout autre demande de renseignement<\/p>\n<p><strong>Centre Mondial de la Paix<\/strong><br \/>\nPlace Mgr Ginisty<br \/>\n55100 Verdun<br \/>\nT\u00e9l. 03 29 86 55 00<br \/>\nlocation@cmpaix.eu<\/p>\n<div class=\"fusion-clearfix\"><\/div><\/div><\/div>\n<div class=\"fusion-layout-column fusion_builder_column_inner fusion-builder-nested-column-5 fusion_builder_column_inner_1_2 1_2 fusion-one-half fusion-column-last\" style=\"--awb-bg-size:cover;width:50%;width:calc(50% - ( ( 4% ) * 0.5 ) );\"><div class=\"fusion-column-wrapper fusion-flex-column-wrapper-legacy\">\n<p><img class=\"lazyload\" decoding=\"async\" src=\"data:image\/svg+xml,%3Csvg%20xmlns%3D%27http%3A%2F%2Fwww.w3.org%2F2000%2Fsvg%27%20width%3D%27354%27%20height%3D%27266%27%20viewBox%3D%270%200%20354%20266%27%3E%3Crect%20width%3D%27354%27%20height%3D%27266%27%20fill-opacity%3D%220%22%2F%3E%3C%2Fsvg%3E\" data-orig-src=\"http:\/\/cmpaix.eu\/fr\/wp-content\/uploads\/2013\/03\/forum.jpg\"><div class=\"fusion-clearfix\"><\/div><\/div><\/div><\/div>\n<\/div><div class=\"nav fusion-mobile-tab-nav\"><ul class=\"nav-tabs nav-justified\" role=\"tablist\"><li role=\"presentation\"><a class=\"tab-link\" data-toggle=\"tab\" role=\"tab\" aria-controls=\"tab-d320ac8f9f4a03992fe\" aria-selected=\"false\" tabindex=\"-1\" id=\"mobile-fusion-tab-salledeprojection\" href=\"#tab-d320ac8f9f4a03992fe\"><h4 class=\"fusion-tab-heading\">Salle de projection<\/h4><\/a><\/li><\/ul><\/div><div class=\"tab-pane fade fusion-clearfix\" role=\"tabpanel\" tabindex=\"0\" aria-labelledby=\"fusion-tab-salledesaudiences\" id=\"tab-d320ac8f9f4a03992fe\">\n<div class=\"fusion-builder-row fusion-builder-row-inner fusion-row\"><div class=\"fusion-layout-column fusion_builder_column_inner fusion-builder-nested-column-6 fusion_builder_column_inner_1_2 1_2 fusion-one-half fusion-column-first\" style=\"--awb-bg-size:cover;width:50%;width:calc(50% - ( ( 4% ) * 0.5 ) );margin-right: 4%;\"><div class=\"fusion-column-wrapper fusion-flex-column-wrapper-legacy\">\n<img class=\"lazyload\" decoding=\"async\" src=\"data:image\/svg+xml,%3Csvg%20xmlns%3D%27http%3A%2F%2Fwww.w3.org%2F2000%2Fsvg%27%20width%3D%27354%27%20height%3D%27266%27%20viewBox%3D%270%200%20354%20266%27%3E%3Crect%20width%3D%27354%27%20height%3D%27266%27%20fill-opacity%3D%220%22%2F%3E%3C%2Fsvg%3E\" data-orig-src=\"http:\/\/cmpaix.eu\/fr\/wp-content\/uploads\/2013\/03\/salle-voutee.jpg\"><div class=\"fusion-clearfix\"><\/div><\/div><\/div>\n<div class=\"fusion-layout-column fusion_builder_column_inner fusion-builder-nested-column-7 fusion_builder_column_inner_1_2 1_2 fusion-one-half fusion-column-last\" style=\"--awb-bg-size:cover;width:50%;width:calc(50% - ( ( 4% ) * 0.5 ) );\"><div class=\"fusion-column-wrapper fusion-flex-column-wrapper-legacy\">\nCette salle vo\u00fbt\u00e9e est destin\u00e9e aux projections, aux r\u00e9unions et conf\u00e9rences.<\/p>\n<ul class=\"arrow\">\n<li style=\"list-style-type: none;\">\n<ul class=\"arrow\">\n<li>Places assises : 100<\/li>\n<li>Superficie : 110 m\u00b2<\/li>\n<li>Tarif : 400 \u20ac*<br \/>\n<em>* Tarif susceptible de modification<\/em><\/li>\n<\/ul>\n<\/li>\n<\/ul>\n<h3>Nous contacter :<\/h3>\n<p>Vous souhaitez visiter une salle ou tout autre demande de renseignement<\/p>\n<p><strong>Centre Mondial de la Paix<\/strong><br \/>\nPlace Mgr Ginisty<br \/>\n55100 Verdun<br \/>\nT\u00e9l. 03 29 86 55 00<br \/>\nlocation@cmpaix.eu<\/p>\n<div class=\"fusion-clearfix\"><\/div><\/div><\/div><\/div>\n<\/div><div class=\"nav fusion-mobile-tab-nav\"><ul class=\"nav-tabs nav-justified\" role=\"tablist\"><li role=\"presentation\"><a class=\"tab-link\" data-toggle=\"tab\" role=\"tab\" aria-controls=\"tab-efe927feac20d70b3ed\" aria-selected=\"false\" tabindex=\"-1\" id=\"mobile-fusion-tab-jardins\" href=\"#tab-efe927feac20d70b3ed\"><h4 class=\"fusion-tab-heading\">Jardins<\/h4><\/a><\/li><\/ul><\/div><div class=\"tab-pane fade fusion-clearfix\" role=\"tabpanel\" tabindex=\"0\" aria-labelledby=\"fusion-tab-salledesaudiences\">\n<div class=\"fusion-builder-row fusion-builder-row-inner fusion-row\"><div class=\"fusion-layout-column fusion_builder_column_inner fusion-builder-nested-column-8 fusion_builder_column_inner_1_2 1_2 fusion-one-half fusion-column-first\" style=\"--awb-bg-size:cover;width:50%;width:calc(50% - ( ( 4% ) * 0.5 ) );margin-right: 4%;\"><div class=\"fusion-column-wrapper fusion-flex-column-wrapper-legacy\">\n<p><img class=\"lazyload\" decoding=\"async\" src=\"data:image\/svg+xml,%3Csvg%20xmlns%3D%27http%3A%2F%2Fwww.w3.org%2F2000%2Fsvg%27%20width%3D%271280%27%20height%3D%27853%27%20viewBox%3D%270%200%201280%20853%27%3E%3Crect%20width%3D%271280%27%20height%3D%27853%27%20fill-opacity%3D%220%22%2F%3E%3C%2Fsvg%3E\" data-orig-src=\"http:\/\/cmpaix.eu\/fr\/wp-content\/uploads\/2013\/03\/jardins.jpg\"><div class=\"fusion-clearfix\"><\/div><\/div><\/div>\n<div class=\"fusion-layout-column fusion_builder_column_inner fusion-builder-nested-column-9 fusion_builder_column_inner_1_2 1_2 fusion-one-half fusion-column-last\" style=\"--awb-bg-size:cover;width:50%;width:calc(50% - ( ( 4% ) * 0.5 ) );\"><div class=\"fusion-column-wrapper fusion-flex-column-wrapper-legacy\">\nLes jardins du Centre Mondial de la Paix, le lieu id\u00e9al pour l&rsquo;organisation de vin d&rsquo;honneur et autres r\u00e9ceptions pouvant se faire en ext\u00e9rieur.<\/p>\n<ul class=\"arrow\">\n<li style=\"list-style-type: none;\">\n<ul class=\"arrow\">\n<li>Tarif : 300 \u20ac*<br \/>\n<em>* Tarif susceptible de modification<\/em><\/li>\n<\/ul>\n<\/li>\n<\/ul>\n<h3>Nous contacter :<\/h3>\n<p>Vous souhaitez visiter une salle ou tout autre demande de renseignement<\/p>\n<p><strong>Centre Mondial de la Paix<\/strong><br \/>\nPlace Mgr Ginisty<br \/>\n55100 Verdun<br \/>\nT\u00e9l. 03 29 86 55 00<br \/>\nlocation@cmpaix.eu<\/p>\n<div class=\"fusion-clearfix\"><\/div><\/div><\/div><\/div>\n<\/div><\/div><\/div>\n<div class=\"fusion-sep-clear\"><\/div><div class=\"fusion-separator fusion-full-width-sep\" style=\"margin-left: auto;margin-right: auto;margin-top:-20px;margin-bottom:-20px;width:100%;\"><\/div><div class=\"fusion-sep-clear\"><\/div>\n<div class=\"shadow\">\n<div class=\"fusion-clearfix\"><\/div><\/div><\/div><div class=\"fusion-layout-column fusion_builder_column fusion-builder-column-2 fusion_builder_column_1_1 1_1 fusion-one-full fusion-column-first fusion-column-last fusion-column-no-min-height\" style=\"--awb-bg-size:cover;--awb-margin-bottom:0px;\"><div class=\"fusion-column-wrapper fusion-flex-column-wrapper-legacy\"><div class=\"fusion-reading-box-container reading-box-container-1\" style=\"--awb-title-color:#333333;--awb-margin-top:0px;--awb-margin-bottom:84px;\"><div class=\"reading-box\" style=\"background-color:#f6f6f6;border-width:0px;border-color:#f6f6f6;border-left-width:3px;border-left-color:var(--primary_color);border-style:solid;\"><h2>Les options<\/h2><div class=\"reading-box-description fusion-reading-box-additional\">Mise \u00e0 disposition de tables et chaises sur r\u00e9servation.Toutes les salles peuvent \u00eatre \u00e9quip\u00e9es de mat\u00e9riel audiovisuel, \u00e9cran, vid\u00e9o-projecteur\u2026<\/p>\n<p>Pr\u00e9sence d\u2019un technicien sur demande.<\/p>\n<p>A la carte, traiteur, petit-d\u00e9jeuner \/ boissons.<\/div><div class=\"fusion-clearfix\"><\/div><\/div><\/div>\n<\/div>\n<div class=\"fusion-sep-clear\"><\/div><div class=\"fusion-separator fusion-full-width-sep\" style=\"margin-left: auto;margin-right: auto;margin-top:-30px;margin-bottom:-30px;width:100%;\"><\/div><div class=\"fusion-sep-clear\"><\/div><div class=\"fusion-clearfix\"><\/div><\/div><\/div><\/div><\/div><\/p>\n","protected":false},"excerpt":{"rendered":"<p>&gt;&gt; Nos espaces<\/p>\n","protected":false},"author":1,"featured_media":0,"parent":0,"menu_order":0,"comment_status":"closed","ping_status":"closed","template":"100-width.php","meta":{"ngg_post_thumbnail":0,"footnotes":""},"class_list":["post-3643","page","type-page","status-publish","hentry"],"_links":{"self":[{"href":"http:\/\/cmpaix.eu\/fr\/wp-json\/wp\/v2\/pages\/3643","targetHints":{"allow":["GET"]}}],"collection":[{"href":"http:\/\/cmpaix.eu\/fr\/wp-json\/wp\/v2\/pages"}],"about":[{"href":"http:\/\/cmpaix.eu\/fr\/wp-json\/wp\/v2\/types\/page"}],"author":[{"embeddable":true,"href":"http:\/\/cmpaix.eu\/fr\/wp-json\/wp\/v2\/users\/1"}],"replies":[{"embeddable":true,"href":"http:\/\/cmpaix.eu\/fr\/wp-json\/wp\/v2\/comments?post=3643"}],"version-history":[{"count":176,"href":"http:\/\/cmpaix.eu\/fr\/wp-json\/wp\/v2\/pages\/3643\/revisions"}],"predecessor-version":[{"id":15160,"href":"http:\/\/cmpaix.eu\/fr\/wp-json\/wp\/v2\/pages\/3643\/revisions\/15160"}],"wp:attachment":[{"href":"http:\/\/cmpaix.eu\/fr\/wp-json\/wp\/v2\/media?parent=3643"}],"curies":[{"name":"wp","href":"https:\/\/api.w.org\/{rel}","templated":true}]}}