{"id":3963,"date":"2013-04-05T16:05:18","date_gmt":"2013-04-05T15:05:18","guid":{"rendered":"http:\/\/cmpaix.eu\/fr\/?page_id=3963"},"modified":"2022-11-21T16:22:51","modified_gmt":"2022-11-21T14:22:51","slug":"les-amis-du-centre","status":"publish","type":"page","link":"http:\/\/cmpaix.eu\/fr\/les-amis-du-centre\/","title":{"rendered":"Les Amis du Centre"},"content":{"rendered":"<div class=\"fusion-fullwidth fullwidth-box fusion-builder-row-1 hundred-percent-fullwidth non-hundred-percent-height-scrolling\" style=\"--awb-border-radius-top-left:0px;--awb-border-radius-top-right:0px;--awb-border-radius-bottom-right:0px;--awb-border-radius-bottom-left:0px;--awb-overflow:visible;--awb-padding-right:30px;--awb-padding-left:30px;--awb-flex-wrap:wrap;\" ><div class=\"fusion-builder-row fusion-row\"><div class=\"fusion-layout-column fusion_builder_column fusion-builder-column-0 fusion_builder_column_2_3 2_3 fusion-two-third fusion-column-first\" style=\"--awb-bg-size:cover;width:66.666666666667%;width:calc(66.666666666667% - ( ( 4% ) * 0.66666666666667 ) );margin-right: 4%;\"><div class=\"fusion-column-wrapper fusion-flex-column-wrapper-legacy\">\n<p class=\"fr-btn-rouge text-white at-external-link-click\">>> Les AMIS du Centre<\/p>\n<div class=\"fusion-sep-clear\"><\/div><div class=\"fusion-separator fusion-full-width-sep\" style=\"margin-left: auto;margin-right: auto;margin-top:-20px;margin-bottom:-20px;width:100%;\"><\/div><div class=\"fusion-sep-clear\"><\/div>\n<div class=\"accueil_bg_orange shadow\">\n<div class=\"fusion-sep-clear\"><\/div><div class=\"fusion-separator fusion-full-width-sep\" style=\"margin-left: auto;margin-right: auto;margin-top:10px;margin-bottom:10px;width:100%;\"><\/div><div class=\"fusion-sep-clear\"><\/div>\n<p>Favoriser le rayonnement du Centre Mondial de la Paix, des Libert\u00e9s et des Droits de l\u2019Homme, tant au plan national qu\u2019international, tels sont les objectifs de l&rsquo;Association des Amis du Centre.<\/p>\n<p style=\"padding-left: 30px;\"><em>Elle puise sa dynamique dans une volont\u00e9 de promouvoir le Centre Mondial de la Paix, mais aussi dans le poids de ses adh\u00e9rents. Dans un contexte o\u00f9 la violation des droits de l\u2019Homme est h\u00e9las quotidienne, l\u2019audience du Centre Mondial de la Paix doit s\u2019affirmer.<\/em><\/p>\n<p style=\"padding-left: 30px;\"><em>Vous pouvez participer \u00e0 cette entreprise humanitaire, faire triompher les armes de la Paix, en apportant votre concours \u00e0 l\u2019association des Amis du Centre. Pour cela, il vous suffit de remplir <a href=\"http:\/\/cmpaix.eu\/img\/formAmis.doc\">ce bulletin d\u2019adh\u00e9sion<\/a> et de nous le faire parvenir par retour du courrier. Par avance nous vous en remercions.<\/em><\/p>\n<div class=\"fusion-clearfix\"><\/div><\/div><\/div>\n<\/div>\n<div class=\"fusion-layout-column fusion_builder_column fusion-builder-column-1 fusion_builder_column_1_3 1_3 fusion-one-third fusion-column-last\" style=\"--awb-bg-size:cover;width:33.333333333333%;width:calc(33.333333333333% - ( ( 4% ) * 0.33333333333333 ) );\"><div class=\"fusion-column-wrapper fusion-flex-column-wrapper-legacy\">\n<div class=\"shadow\">\n<a href=\"http:\/\/cmpaix.eu\/fr\/tresors-de-diplomatie\/\"><img class=\"lazyload\" decoding=\"async\" style=\"padding-bottom: 1em;\" alt=\"\" src=\"data:image\/svg+xml,%3Csvg%20xmlns%3D%27http%3A%2F%2Fwww.w3.org%2F2000%2Fsvg%27%20width%3D%27886%27%20height%3D%271181%27%20viewBox%3D%270%200%20886%201181%27%3E%3Crect%20width%3D%27886%27%20height%3D%271181%27%20fill-opacity%3D%220%22%2F%3E%3C%2Fsvg%3E\" data-orig-src=\"http:\/\/cmpaix.eu\/fr\/wp-content\/uploads\/2020\/06\/Tresors-Diplomatie.jpg\"><\/a><\/p>\n<div class=\"fusion-sep-clear\"><\/div><div class=\"fusion-separator fusion-full-width-sep\" style=\"margin-left: auto;margin-right: auto;margin-top:-18px;margin-bottom:-18px;width:100%;\"><\/div><div class=\"fusion-sep-clear\"><\/div>\n<\/div>\n<div class=\"accueil_bg_orange shadow\">&gt; <a href=\"http:\/\/cmpaix.eu\/fr\/tresors-de-diplomatie\/\">En savoir plus<\/a><br \/>\n<a href=\"http:\/\/www.cmpaix.fr\/docs\/flyer-Tresors-Diplomatie_DE.pdf\" target=\"_blank\" rel=\"noopener noreferrer\"><img class=\"lazyload\" decoding=\"async\" src=\"data:image\/gif;base64,R0lGODlhAQABAAAAACH5BAEKAAEALAAAAAABAAEAAAICTAEAOw==\" data-orig-src=\"http:\/\/www.cmpaix.eu\/design\/drapeau-de.png\"><\/a>&nbsp;<a href=\"http:\/\/www.cmpaix.fr\/docs\/flyer-Tresors-Diplomatie_EN.pdf\" target=\"_blank\" rel=\"noopener noreferrer\"><img class=\"lazyload\" decoding=\"async\" src=\"data:image\/gif;base64,R0lGODlhAQABAAAAACH5BAEKAAEALAAAAAABAAEAAAICTAEAOw==\" data-orig-src=\"http:\/\/www.cmpaix.eu\/design\/drapeau-en.png\"><\/a><\/div>\n<div class=\"shadow\">\n<a href=\"http:\/\/cmpaix.eu\/fr\/exposition-droles-de-paix-1945-2019\/\"><img class=\"lazyload\" decoding=\"async\" style=\"padding-bottom: 1em;\" alt=\"\" src=\"data:image\/svg+xml,%3Csvg%20xmlns%3D%27http%3A%2F%2Fwww.w3.org%2F2000%2Fsvg%27%20width%3D%27288%27%20height%3D%27412%27%20viewBox%3D%270%200%20288%20412%27%3E%3Crect%20width%3D%27288%27%20height%3D%27412%27%20fill-opacity%3D%220%22%2F%3E%3C%2Fsvg%3E\" data-orig-src=\"http:\/\/cmpaix.eu\/fr\/wp-content\/uploads\/2019\/11\/droles_de_paix.jpg\"><\/a><\/p>\n<div class=\"fusion-sep-clear\"><\/div><div class=\"fusion-separator fusion-full-width-sep\" style=\"margin-left: auto;margin-right: auto;margin-top:-18px;margin-bottom:-18px;width:100%;\"><\/div><div class=\"fusion-sep-clear\"><\/div>\n<\/div>\n<div class=\"accueil_bg_orange shadow\">&gt; <a href=\"http:\/\/cmpaix.eu\/fr\/exposition-droles-de-paix-1945-2019\/\">En savoir plus<\/a>\n<\/div>\n<div class=\"fusion-clearfix\"><\/div><\/div><\/div>\n<div class=\"fusion-layout-column fusion_builder_column fusion-builder-column-2 fusion_builder_column_1_1 1_1 fusion-one-full fusion-column-first fusion-column-last fusion-column-no-min-height\" style=\"--awb-bg-size:cover;--awb-margin-bottom:0px;\"><div class=\"fusion-column-wrapper fusion-flex-column-wrapper-legacy\"><div class=\"fusion-sep-clear\"><\/div><div class=\"fusion-separator fusion-full-width-sep\" style=\"margin-left: auto;margin-right: auto;margin-top:-30px;margin-bottom:-30px;width:100%;\"><\/div><div class=\"fusion-sep-clear\"><\/div><div class=\"fusion-clearfix\"><\/div><\/div><\/div><\/div><\/div>\n","protected":false},"excerpt":{"rendered":"","protected":false},"author":1,"featured_media":0,"parent":0,"menu_order":0,"comment_status":"closed","ping_status":"closed","template":"100-width.php","meta":{"ngg_post_thumbnail":0,"footnotes":""},"class_list":["post-3963","page","type-page","status-publish","hentry"],"_links":{"self":[{"href":"http:\/\/cmpaix.eu\/fr\/wp-json\/wp\/v2\/pages\/3963","targetHints":{"allow":["GET"]}}],"collection":[{"href":"http:\/\/cmpaix.eu\/fr\/wp-json\/wp\/v2\/pages"}],"about":[{"href":"http:\/\/cmpaix.eu\/fr\/wp-json\/wp\/v2\/types\/page"}],"author":[{"embeddable":true,"href":"http:\/\/cmpaix.eu\/fr\/wp-json\/wp\/v2\/users\/1"}],"replies":[{"embeddable":true,"href":"http:\/\/cmpaix.eu\/fr\/wp-json\/wp\/v2\/comments?post=3963"}],"version-history":[{"count":70,"href":"http:\/\/cmpaix.eu\/fr\/wp-json\/wp\/v2\/pages\/3963\/revisions"}],"predecessor-version":[{"id":11107,"href":"http:\/\/cmpaix.eu\/fr\/wp-json\/wp\/v2\/pages\/3963\/revisions\/11107"}],"wp:attachment":[{"href":"http:\/\/cmpaix.eu\/fr\/wp-json\/wp\/v2\/media?parent=3963"}],"curies":[{"name":"wp","href":"https:\/\/api.w.org\/{rel}","templated":true}]}}