{"id":5666,"date":"2013-12-03T17:08:45","date_gmt":"2013-12-03T15:08:45","guid":{"rendered":"http:\/\/cmpaix.eu\/fr\/?page_id=5666"},"modified":"2024-12-12T09:54:02","modified_gmt":"2024-12-12T07:54:02","slug":"la-structure","status":"publish","type":"page","link":"http:\/\/cmpaix.eu\/fr\/la-structure\/","title":{"rendered":"La structure"},"content":{"rendered":"<div class=\"fusion-fullwidth fullwidth-box fusion-builder-row-1 hundred-percent-fullwidth non-hundred-percent-height-scrolling\" style=\"--awb-border-radius-top-left:0px;--awb-border-radius-top-right:0px;--awb-border-radius-bottom-right:0px;--awb-border-radius-bottom-left:0px;--awb-overflow:visible;--awb-padding-right:30px;--awb-padding-left:30px;--awb-flex-wrap:wrap;\" ><div class=\"fusion-builder-row fusion-row\"><div class=\"fusion-layout-column fusion_builder_column fusion-builder-column-0 fusion_builder_column_2_3 2_3 fusion-two-third fusion-column-first\" style=\"--awb-bg-size:cover;width:66.666666666667%;width:calc(66.666666666667% - ( ( 4% ) * 0.66666666666667 ) );margin-right: 4%;\"><div class=\"fusion-column-wrapper fusion-flex-column-wrapper-legacy\">\n<p class=\"fr-btn-rouge text-white at-external-link-click\">>> La structure<\/p>\n<div class=\"fusion-sep-clear\"><\/div><div class=\"fusion-separator fusion-full-width-sep\" style=\"margin-left: auto;margin-right: auto;margin-top:-20px;margin-bottom:-20px;width:100%;\"><\/div><div class=\"fusion-sep-clear\"><\/div>\n<div class=\"accueil_bg_orange shadow\">\n<div class=\"fusion-sep-clear\"><\/div><div class=\"fusion-separator fusion-full-width-sep\" style=\"margin-left: auto;margin-right: auto;margin-top:10px;margin-bottom:10px;width:100%;\"><\/div><div class=\"fusion-sep-clear\"><\/div>\n<p>Le Centre Mondial de la Paix, des libert\u00e9s et des droits de l\u2019Homme est une structure associative depuis sa cr\u00e9ation en 1990. Issu d\u2019un projet lanc\u00e9 \u00e0 Verdun par M. Javier P\u00e9rez de CUELLAR, Secr\u00e9taire G\u00e9n\u00e9ral de l\u2019ONU, le Centre Mondial de la Paix, des libert\u00e9s et des droits de l\u2019Homme.<\/p>\n<p>Apr\u00e8s la visite des champs de bataille et des cimeti\u00e8res militaires, Verdun souhaitait offrir un autre visage que celui de la discorde et des conflits.  Celui de la r\u00e9conciliation, du progr\u00e8s et de l\u2019esp\u00e9rance par la cr\u00e9ation du Centre Mondial de la Paix, des Libert\u00e9s et des Droits de l\u2019Homme. Ce projet ambitieux pouvait justement trouver place dans le somptueux Palais \u00e9piscopal, en qu\u00eate d\u2019une r\u00e9habilitation et d\u2019une nouvelle affectation.<\/p>\n<p>Ainsi, l\u2019association du Centre Mondial de la Paix a \u00e9t\u00e9 cr\u00e9\u00e9e le 2 f\u00e9vrier 1990 par quatre partenaires institutionnels : l\u2019Etat, le Conseil R\u00e9gional de Lorraine, le Conseil G\u00e9n\u00e9ral de la Meuse et la Ville de Verdun. Aujourd\u2019hui, le Conseil d\u2019administration regroupe les \u00e9lus locaux, ainsi que les repr\u00e9sentants de l\u2019Etat.<\/p>\n<p>D\u00e9fini comme un lieu privil\u00e9gi\u00e9 pour d\u00e9battre des questions relatives \u00e0 la Paix, aux Libert\u00e9s et aux Droits de l\u2019Homme sous toutes leurs formes, le Centre Mondial de la Paix pr\u00e9sente des expositions, organise des conf\u00e9rences et des colloques, concerts, projections de films et accueille des groupes scolaires gr\u00e2ce \u00e0 son service \u00e9ducatif.<\/p>\n<table style=\"width:100.0%;\n    border-collapse:collapse;mso-padding-alt:0cm 5.4pt 0cm 5.4pt\" width=\"100%\" cellspacing=\"0\" cellpadding=\"0\" border=\"0\"><\/p>\n<tbody>\n<tr>\n<td style=\"width:30.86%;padding:0cm 5.4pt 0cm 5.4pt\" width=\"30%\">\n<p style=\"text-align:center\" class=\"MsoNormal\" align=\"center\">&nbsp;<\/p>\n<\/td>\n<td style=\"width:4.52%;padding:0cm 5.4pt 0cm 5.4pt\" width=\"4%\">\n<p style=\"text-align:center\" class=\"MsoNormal\" align=\"center\">&nbsp;<\/p>\n<\/td>\n<td style=\"width:30.86%;background:#D9D9D9;padding:0cm 5.4pt 0cm 5.4pt\" width=\"30%\">\n<p style=\"text-align:center\" class=\"MsoNormal\" align=\"center\"><b style=\"mso-bidi-font-weight:normal\"><span style=\"font-size:12.0pt;mso-bidi-font-size:\n            11.0pt;mso-bidi-font-family:&quot;Palatino Linotype&quot;\">Pr\u00e9sident<\/span><\/b><\/td>\n<td style=\"width:2.9%;padding:0cm 5.4pt 0cm 5.4pt\" width=\"2%\">\n<p style=\"text-align:center\" class=\"MsoNormal\" align=\"center\">&nbsp;<\/p>\n<\/td>\n<td style=\"width:30.86%;padding:0cm 5.4pt 0cm 5.4pt\" width=\"30%\">\n<p style=\"text-align:center\" class=\"MsoNormal\" align=\"center\">&nbsp;<\/p>\n<\/td>\n<\/tr>\n<tr>\n<td style=\"width:30.86%;padding:0cm 5.4pt 0cm 5.4pt\" width=\"30%\" valign=\"top\">\n<p style=\"text-align:center\" class=\"MsoNormal\" align=\"center\"><b style=\"mso-bidi-font-weight:normal\"><i style=\"mso-bidi-font-style:normal\"><span style=\"mso-bidi-font-family:&quot;Palatino Linotype&quot;\"><br \/>\n<\/span><\/i><\/b><\/td>\n<td style=\"width:4.52%;padding:0cm 5.4pt 0cm 5.4pt\" width=\"4%\" valign=\"top\">\n<p style=\"text-align:center\" class=\"MsoNormal\" align=\"center\">&nbsp;<\/p>\n<\/td>\n<td style=\"width:30.86%;padding:0cm 5.4pt 0cm 5.4pt\" width=\"30%\" valign=\"top\">\n<p style=\"text-align:center\" class=\"MsoNormal\" align=\"center\"><b style=\"mso-bidi-font-weight:normal\"><i style=\"mso-bidi-font-style:normal\"><span style=\"mso-bidi-font-family:&quot;Palatino Linotype&quot;\"><br \/>\nFranck MENONVILLE<\/span><\/i><\/b><span style=\"mso-bidi-font-family:&quot;Palatino Linotype&quot;\"><br \/>\n<\/span><span style=\"font-size:10.0pt;mso-bidi-font-size:11.0pt;mso-bidi-font-family:\n            &quot;Palatino Linotype&quot;\">S\u00e9nateur de la Meuse<\/span><\/td>\n<td style=\"width:2.9%;padding:0cm 5.4pt 0cm 5.4pt\" width=\"2%\" valign=\"top\">\n<p style=\"text-align:center\" class=\"MsoNormal\" align=\"center\">&nbsp;<\/p>\n<\/td>\n<td style=\"width:30.86%;padding:0cm 5.4pt 0cm 5.4pt\" width=\"30%\" valign=\"top\">\n<p style=\"text-align:center\" class=\"MsoNormal\" align=\"center\">&nbsp;<\/p>\n<\/td>\n<\/tr>\n<tr>\n<td style=\"width:30.86%;background:#D9D9D9;padding:0cm 5.4pt 0cm 5.4pt\" width=\"30%\">\n<p style=\"text-align:center\" class=\"MsoNormal\" align=\"center\"><b style=\"mso-bidi-font-weight:normal\"><span style=\"font-size:12.0pt;mso-bidi-font-size:\n            11.0pt;mso-bidi-font-family:&quot;Palatino Linotype&quot;\">Vice-Pr\u00e9sident<\/span><\/b><\/td>\n<td style=\"width:4.52%;padding:0cm 5.4pt 0cm 5.4pt\" width=\"4%\">\n<p style=\"text-align:center\" class=\"MsoNormal\" align=\"center\">&nbsp;<\/p>\n<\/td>\n<td style=\"width:30.86%;background:#D9D9D9;padding:0cm 5.4pt 0cm 5.4pt\" width=\"30%\">\n<p style=\"text-align:center\" class=\"MsoNormal\" align=\"center\"><b style=\"mso-bidi-font-weight:normal\"><span style=\"font-size:12.0pt;mso-bidi-font-size:\n            11.0pt;mso-bidi-font-family:&quot;Palatino Linotype&quot;\">Vice-Pr\u00e9sident<\/span><\/b><\/td>\n<td style=\"width:2.9%;padding:0cm 5.4pt 0cm 5.4pt\" width=\"2%\">\n<p style=\"text-align:center\" class=\"MsoNormal\" align=\"center\">&nbsp;<\/p>\n<\/td>\n<td style=\"width:30.86%;background:#D9D9D9;padding:0cm 5.4pt 0cm 5.4pt\" width=\"30%\">\n<p style=\"text-align:center\" class=\"MsoNormal\" align=\"center\"><b style=\"mso-bidi-font-weight:normal\"><span style=\"font-size:12.0pt;mso-bidi-font-size:\n            11.0pt;mso-bidi-font-family:&quot;Palatino Linotype&quot;\">Vice-Pr\u00e9sidente<\/span><\/b><\/td>\n<\/tr>\n<tr>\n<td style=\"width:30.86%;padding:0cm 5.4pt 0cm 5.4pt\" width=\"30%\" valign=\"top\">\n<p style=\"text-align:center\" class=\"MsoNormal\" align=\"center\"><b style=\"mso-bidi-font-weight:normal\"><i style=\"mso-bidi-font-style:normal\"><span style=\"mso-bidi-font-family:&quot;Palatino Linotype&quot;\"><br \/>\nJ\u00e9r\u00f4me DUMONT<\/span><\/i><\/b><span style=\"mso-bidi-font-family:&quot;Palatino Linotype&quot;\"><br \/>\n<\/span><span style=\"font-size:10.0pt;mso-bidi-font-size:11.0pt;mso-bidi-font-family:\n            &quot;Palatino Linotype&quot;\">Pr\u00e9sident du Conseil D\u00e9partemental<br \/>\nde la Meuse<br \/>\n<\/span><\/td>\n<td style=\"width:4.52%;padding:0cm 5.4pt 0cm 5.4pt\" width=\"4%\" valign=\"top\">\n<p style=\"text-align:center\" class=\"MsoNormal\" align=\"center\">&nbsp;<\/p>\n<\/td>\n<td style=\"width:30.86%;padding:0cm 5.4pt 0cm 5.4pt\" width=\"30%\" valign=\"top\">\n<p style=\"text-align:center\" class=\"MsoNormal\" align=\"center\"><b style=\"mso-bidi-font-weight:normal\"><i style=\"mso-bidi-font-style:normal\"><span style=\"mso-bidi-font-family:&quot;Palatino Linotype&quot;\"><br \/>\nSamuel HAZARD<\/span><\/i><\/b><span style=\"mso-bidi-font-family:&quot;Palatino Linotype&quot;\"><br \/>\n<\/span><span style=\"font-size:10.0pt;mso-bidi-font-size:11.0pt;mso-bidi-font-family: &quot;Palatino Linotype&quot;\">Maire de Verdun<\/span><\/td>\n<td style=\"width:2.9%;padding:0cm 5.4pt 0cm 5.4pt\" width=\"2%\" valign=\"top\">\n<p style=\"text-align:center\" class=\"MsoNormal\" align=\"center\">&nbsp;<\/p>\n<\/td>\n<td style=\"width:30.86%;padding:0cm 5.4pt 0cm 5.4pt\" width=\"30%\" valign=\"top\">\n<p style=\"text-align:center\" class=\"MsoNormal\" align=\"center\"><b style=\"mso-bidi-font-weight:normal\"><i style=\"mso-bidi-font-style:normal\"><span style=\"mso-bidi-font-family:&quot;Palatino Linotype&quot;\"><br \/>\nLa\u00ebtitia HURLAIN<\/span><\/i><\/b><span style=\"mso-bidi-font-family:&quot;Palatino Linotype&quot;\"><br \/>\n<\/span><span style=\"font-size:10.0pt;mso-bidi-font-size:11.0pt;mso-bidi-font-family:\n            &quot;Palatino Linotype&quot;\">Conseill\u00e8re R\u00e9gionale de la R\u00e9gion Grand-Est<\/span><\/td>\n<\/tr>\n<tr>\n<td style=\"width:30.86%;background:#D9D9D9;padding:0cm 5.4pt 0cm 5.4pt\" width=\"30%\">\n<p style=\"text-align:center\" class=\"MsoNormal\" align=\"center\"><b style=\"mso-bidi-font-weight:normal\"><span style=\"font-size:12.0pt;mso-bidi-font-size:\n            11.0pt;mso-bidi-font-family:&quot;Palatino Linotype&quot;\">Secr\u00e9taire<\/span><\/b><\/td>\n<td style=\"width:4.52%;padding:0cm 5.4pt 0cm 5.4pt\" width=\"4%\">\n<p style=\"text-align:center\" class=\"MsoNormal\" align=\"center\">&nbsp;<\/p>\n<\/td>\n<td style=\"width:30.86%;padding:0cm 5.4pt 0cm 5.4pt\" width=\"30%\">&nbsp;<\/td>\n<td style=\"width:2.9%;padding:0cm 5.4pt 0cm 5.4pt\" width=\"2%\">\n<p style=\"text-align:center\" class=\"MsoNormal\" align=\"center\">&nbsp;<\/p>\n<\/td>\n<td style=\"width:30.86%;background:#D9D9D9;padding:0cm 5.4pt 0cm 5.4pt\" width=\"30%\">\n<p style=\"text-align:center\" class=\"MsoNormal\" align=\"center\"><b style=\"mso-bidi-font-weight:normal\"><span style=\"font-size:12.0pt;mso-bidi-font-size:\n            11.0pt;mso-bidi-font-family:&quot;Palatino Linotype&quot;\">Tr\u00e9sorier<\/span><\/b><\/td>\n<\/tr>\n<tr>\n<td style=\"width:30.86%;padding:0cm 5.4pt 0cm 5.4pt\" width=\"30%\" valign=\"top\">\n<p style=\"text-align:center\" class=\"MsoNormal\" align=\"center\"><b style=\"mso-bidi-font-weight:normal\"><i style=\"mso-bidi-font-style:normal\"><span style=\"mso-bidi-font-family:&quot;Palatino Linotype&quot;\"><br \/>\nSt\u00e9phanie LE CLERRE<\/span><\/i><\/b><span style=\"mso-bidi-font-family:&quot;Palatino Linotype&quot;\"><br \/>\n<\/span><span style=\"font-size:10.0pt;mso-bidi-font-size:11.0pt;mso-bidi-font-family:\n            &quot;Palatino Linotype&quot;\"> <\/span><\/td>\n<td style=\"width:4.52%;padding:0cm 5.4pt 0cm 5.4pt\" width=\"4%\" valign=\"top\">\n<p style=\"text-align:center\" class=\"MsoNormal\" align=\"center\">&nbsp;<\/p>\n<\/td>\n<td style=\"width:30.86%;padding:0cm 5.4pt 0cm 5.4pt\" width=\"30%\" valign=\"top\">&nbsp;<\/td>\n<td style=\"width:2.9%;padding:0cm 5.4pt 0cm 5.4pt\" width=\"2%\" valign=\"top\">\n<p style=\"text-align:center\" class=\"MsoNormal\" align=\"center\">&nbsp;<\/p>\n<\/td>\n<td style=\"width:30.86%;padding:0cm 5.4pt 0cm 5.4pt\" width=\"30%\" valign=\"top\">\n<p style=\"text-align:center\" class=\"MsoNormal\" align=\"center\"><b style=\"mso-bidi-font-weight:normal\"><i style=\"mso-bidi-font-style:normal\"><span style=\"mso-bidi-font-family:&quot;Palatino Linotype&quot;\"><br \/>\nPierre JACQUINOT<\/span><\/i><\/b><span style=\"mso-bidi-font-family:&quot;Palatino Linotype&quot;\"><br \/>\n<\/span><span style=\"font-size:10.0pt;mso-bidi-font-size:11.0pt;mso-bidi-font-family:\n            &quot;Palatino Linotype&quot;\"><\/span><\/td>\n<\/tr>\n<tr>\n<td style=\"width:30.86%;background:#D9D9D9;padding:0cm 5.4pt 0cm 5.4pt\" width=\"30%\">\n<p style=\"text-align:center\" class=\"MsoNormal\" align=\"center\"><b style=\"mso-bidi-font-weight:normal\"><span style=\"font-size:12.0pt;mso-bidi-font-size:\n            11.0pt;mso-bidi-font-family:&quot;Palatino Linotype&quot;\">Membres du Bureau<\/span><\/b><\/td>\n<td style=\"width:4.52%;padding:0cm 5.4pt 0cm 5.4pt\" width=\"4%\">\n<p style=\"text-align:center\" class=\"MsoNormal\" align=\"center\">&nbsp;<\/p>\n<\/td>\n<td style=\"width:30.86%;padding:0cm 5.4pt 0cm 5.4pt\" width=\"30%\">\n<p style=\"text-align:center\" class=\"MsoNormal\" align=\"center\">&nbsp;<\/p>\n<\/td>\n<td style=\"width:2.9%;padding:0cm 5.4pt 0cm 5.4pt\" width=\"2%\">\n<p style=\"text-align:center\" class=\"MsoNormal\" align=\"center\">&nbsp;<\/p>\n<\/td>\n<td style=\"width:30.86%;background:#ffffff;padding:0cm 5.4pt 0cm 5.4pt\" width=\"30%\">\n<p style=\"text-align:center\" class=\"MsoNormal\" align=\"center\"><b style=\"mso-bidi-font-weight:normal\"><span style=\"font-size:12.0pt;mso-bidi-font-size:\n            11.0pt;mso-bidi-font-family:&quot;Palatino Linotype&quot;\"><\/span><\/b><\/td>\n<\/tr>\n<tr>\n<td style=\"width:30.86%;padding:0cm 5.4pt 0cm 5.4pt\" width=\"30%\" valign=\"top\">\n<p style=\"text-align:center\" class=\"MsoNormal\" align=\"center\"><b style=\"mso-bidi-font-weight:normal\"><i style=\"mso-bidi-font-style:normal\"><span style=\"mso-bidi-font-family:&quot;Palatino Linotype&quot;\"><br \/>\nJean-Luc DEMANDRE <br \/> Maxance BERNARD<\/span><\/i><\/b><\/td>\n<td style=\"width:4.52%;padding:0cm 5.4pt 0cm 5.4pt\" width=\"4%\" valign=\"top\">\n<p style=\"text-align:center\" class=\"MsoNormal\" align=\"center\">&nbsp;<\/p>\n<\/td>\n<td style=\"width:30.86%;padding:0cm 5.4pt 0cm 5.4pt\" width=\"30%\" valign=\"top\">\n<p style=\"text-align:center\" class=\"MsoNormal\" align=\"center\"><b style=\"mso-bidi-font-weight:normal\"><i style=\"mso-bidi-font-style:normal\"><span style=\"mso-bidi-font-family:&quot;Palatino Linotype&quot;\"><br \/>\n<\/span><\/i><\/b><\/td>\n<td style=\"width:2.9%;padding:0cm 5.4pt 0cm 5.4pt\" width=\"2%\" valign=\"top\">\n<p style=\"text-align:center\" class=\"MsoNormal\" align=\"center\">&nbsp;<\/p>\n<\/td>\n<td style=\"width:30.86%;padding:0cm 5.4pt 0cm 5.4pt\" width=\"30%\" valign=\"top\">\n<p style=\"text-align:center\" class=\"MsoNormal\" align=\"center\"><b style=\"mso-bidi-font-weight:normal\"><i style=\"mso-bidi-font-style:normal\"><span style=\"mso-bidi-font-family:&quot;Palatino Linotype&quot;\"><br \/>\n<\/span><\/i><\/b><span style=\"mso-bidi-font-family:&quot;Palatino Linotype&quot;\"><br \/>\n<\/span><span style=\"font-size:10.0pt;mso-bidi-font-size:11.0pt;mso-bidi-font-family:\n            &quot;Palatino Linotype&quot;\"> <\/span><\/td>\n<\/tr>\n<\/tbody>\n<\/table>\n<div class=\"fusion-clearfix\"><\/div><\/div><\/div>\n<\/div>\n<div class=\"fusion-layout-column fusion_builder_column fusion-builder-column-1 fusion_builder_column_1_3 1_3 fusion-one-third fusion-column-last\" style=\"--awb-bg-size:cover;width:33.333333333333%;width:calc(33.333333333333% - ( ( 4% ) * 0.33333333333333 ) );\"><div class=\"fusion-column-wrapper fusion-flex-column-wrapper-legacy\">\n<div class=\"shadow\">\n<a href=\"http:\/\/cmpaix.eu\/fr\/tresors-de-diplomatie\/\"><img class=\"lazyload\" decoding=\"async\" style=\"padding-bottom: 1em;\" alt=\"\" src=\"data:image\/svg+xml,%3Csvg%20xmlns%3D%27http%3A%2F%2Fwww.w3.org%2F2000%2Fsvg%27%20width%3D%27886%27%20height%3D%271181%27%20viewBox%3D%270%200%20886%201181%27%3E%3Crect%20width%3D%27886%27%20height%3D%271181%27%20fill-opacity%3D%220%22%2F%3E%3C%2Fsvg%3E\" data-orig-src=\"http:\/\/cmpaix.eu\/fr\/wp-content\/uploads\/2020\/06\/Tresors-Diplomatie.jpg\"><\/a><\/p>\n<div class=\"fusion-sep-clear\"><\/div><div class=\"fusion-separator fusion-full-width-sep\" style=\"margin-left: auto;margin-right: auto;margin-top:-18px;margin-bottom:-18px;width:100%;\"><\/div><div class=\"fusion-sep-clear\"><\/div>\n<\/div>\n<div class=\"accueil_bg_orange shadow\">&gt; <a href=\"http:\/\/cmpaix.eu\/fr\/tresors-de-diplomatie\/\">En savoir plus<\/a><br \/>\n<a href=\"http:\/\/www.cmpaix.fr\/docs\/flyer-Tresors-Diplomatie_DE.pdf\" target=\"_blank\" rel=\"noopener noreferrer\"><img class=\"lazyload\" decoding=\"async\" src=\"data:image\/gif;base64,R0lGODlhAQABAAAAACH5BAEKAAEALAAAAAABAAEAAAICTAEAOw==\" data-orig-src=\"http:\/\/www.cmpaix.eu\/design\/drapeau-de.png\"><\/a>&nbsp;<a href=\"http:\/\/www.cmpaix.fr\/docs\/flyer-Tresors-Diplomatie_EN.pdf\" target=\"_blank\" rel=\"noopener noreferrer\"><img class=\"lazyload\" decoding=\"async\" src=\"data:image\/gif;base64,R0lGODlhAQABAAAAACH5BAEKAAEALAAAAAABAAEAAAICTAEAOw==\" data-orig-src=\"http:\/\/www.cmpaix.eu\/design\/drapeau-en.png\"><\/a><\/div>\n<div class=\"shadow\">\n<a href=\"http:\/\/cmpaix.eu\/fr\/exposition-droles-de-paix-1945-2019\/\"><img class=\"lazyload\" decoding=\"async\" style=\"padding-bottom: 1em;\" alt=\"\" src=\"data:image\/svg+xml,%3Csvg%20xmlns%3D%27http%3A%2F%2Fwww.w3.org%2F2000%2Fsvg%27%20width%3D%27288%27%20height%3D%27412%27%20viewBox%3D%270%200%20288%20412%27%3E%3Crect%20width%3D%27288%27%20height%3D%27412%27%20fill-opacity%3D%220%22%2F%3E%3C%2Fsvg%3E\" data-orig-src=\"http:\/\/cmpaix.eu\/fr\/wp-content\/uploads\/2019\/11\/droles_de_paix.jpg\"><\/a><\/p>\n<div class=\"fusion-sep-clear\"><\/div><div class=\"fusion-separator fusion-full-width-sep\" style=\"margin-left: auto;margin-right: auto;margin-top:-18px;margin-bottom:-18px;width:100%;\"><\/div><div class=\"fusion-sep-clear\"><\/div>\n<\/div>\n<div class=\"accueil_bg_orange shadow\">&gt; <a href=\"http:\/\/cmpaix.eu\/fr\/exposition-droles-de-paix-1945-2019\/\">En savoir plus<\/a>\n<\/div>\n<\/div>\n<div class=\"fusion-clearfix\"><\/div><\/div><\/div>\n<div class=\"fusion-layout-column fusion_builder_column fusion-builder-column-2 fusion_builder_column_1_1 1_1 fusion-one-full fusion-column-first fusion-column-last fusion-column-no-min-height\" style=\"--awb-bg-size:cover;--awb-margin-bottom:0px;\"><div class=\"fusion-column-wrapper fusion-flex-column-wrapper-legacy\"><div class=\"fusion-sep-clear\"><\/div><div class=\"fusion-separator fusion-full-width-sep\" style=\"margin-left: auto;margin-right: auto;margin-top:-30px;margin-bottom:-30px;width:100%;\"><\/div><div class=\"fusion-sep-clear\"><\/div><div class=\"fusion-clearfix\"><\/div><\/div><\/div><\/div><\/div>\n","protected":false},"excerpt":{"rendered":"","protected":false},"author":1,"featured_media":0,"parent":0,"menu_order":0,"comment_status":"closed","ping_status":"closed","template":"100-width.php","meta":{"ngg_post_thumbnail":0,"footnotes":""},"class_list":["post-5666","page","type-page","status-publish","hentry"],"_links":{"self":[{"href":"http:\/\/cmpaix.eu\/fr\/wp-json\/wp\/v2\/pages\/5666","targetHints":{"allow":["GET"]}}],"collection":[{"href":"http:\/\/cmpaix.eu\/fr\/wp-json\/wp\/v2\/pages"}],"about":[{"href":"http:\/\/cmpaix.eu\/fr\/wp-json\/wp\/v2\/types\/page"}],"author":[{"embeddable":true,"href":"http:\/\/cmpaix.eu\/fr\/wp-json\/wp\/v2\/users\/1"}],"replies":[{"embeddable":true,"href":"http:\/\/cmpaix.eu\/fr\/wp-json\/wp\/v2\/comments?post=5666"}],"version-history":[{"count":49,"href":"http:\/\/cmpaix.eu\/fr\/wp-json\/wp\/v2\/pages\/5666\/revisions"}],"predecessor-version":[{"id":14837,"href":"http:\/\/cmpaix.eu\/fr\/wp-json\/wp\/v2\/pages\/5666\/revisions\/14837"}],"wp:attachment":[{"href":"http:\/\/cmpaix.eu\/fr\/wp-json\/wp\/v2\/media?parent=5666"}],"curies":[{"name":"wp","href":"https:\/\/api.w.org\/{rel}","templated":true}]}}