{"id":86,"date":"2013-03-21T02:17:58","date_gmt":"2013-03-21T01:17:58","guid":{"rendered":"http:\/\/theme-fusion.com\/avada\/?page_id=86"},"modified":"2025-07-03T15:56:52","modified_gmt":"2025-07-03T13:56:52","slug":"contact","status":"publish","type":"page","link":"http:\/\/cmpaix.eu\/fr\/contact\/","title":{"rendered":"Contact"},"content":{"rendered":"<p class=\"fr-btn-bleu-clair text-white at-external-link-click\">&gt;&gt; Nous contacter<\/p>\n<div class=\"accueil_bg_orange shadow\">\n<h1>Coordonn\u00e9es<\/h1>\n<p>Centre Mondial de la Paix<br \/>\ndes Libert\u00e9s et des Droits de l&rsquo;Homme<\/p>\n<p>Place Monseigneur Ginisty B.P. 10183<br \/>\n55105 VERDUN Cedex<br \/>\nT\u00e9l. +33 (0) 3 29 86 55 00<\/p>\n<p><strong>R\u00e9servation de groupes<\/strong><br \/>\nreservationgroupe@cmpaix.eu<\/p>\n<p><strong>Locations de salles<\/strong><br \/>\nlocation@cmpaix.eu<\/p>\n<p><strong>Scolaires<\/strong><br \/>\nscolaire@cmpaix.eu<\/p>\n<p><strong>Informations<\/strong><br \/>\ncontact@cmpaix.eu<\/p>\n<h1>Horaires d\u2019ouverture<\/h1>\n<p>L&rsquo;accueil administratif est assur\u00e9 <strong>du lundi au vendredi de 8h30 \u00e0 12h00 et de 14h00 \u00e0 18h00.<\/strong><\/p>\n<p>La boutique et le jardin sont ouverts <strong>du lundi au vendredi de 10h00 \u00e0 12h00 et de 14h00 \u00e0 18h00.<\/strong><\/p>\n<p><strong>Le mus\u00e9e est temporairement ferm\u00e9<\/strong> en raison du renouvellement de nos expositions. Nous vous remercions pour votre compr\u00e9hension.<\/p>\n<h1>Nous contacter<\/h1>\n\n<div class=\"wpcf7 no-js\" id=\"wpcf7-f4344-o1\" lang=\"\" dir=\"ltr\" data-wpcf7-id=\"4344\">\n<div class=\"screen-reader-response\"><p role=\"status\" aria-live=\"polite\" aria-atomic=\"true\"><\/p> <ul><\/ul><\/div>\n<form action=\"\/fr\/wp-json\/wp\/v2\/pages\/86#wpcf7-f4344-o1\" method=\"post\" class=\"wpcf7-form init\" aria-label=\"Formulaire de contact\" novalidate=\"novalidate\" data-status=\"init\">\n<fieldset class=\"hidden-fields-container\"><input type=\"hidden\" name=\"_wpcf7\" value=\"4344\" \/><input type=\"hidden\" name=\"_wpcf7_version\" value=\"6.1\" \/><input type=\"hidden\" name=\"_wpcf7_locale\" value=\"\" \/><input type=\"hidden\" name=\"_wpcf7_unit_tag\" value=\"wpcf7-f4344-o1\" \/><input type=\"hidden\" name=\"_wpcf7_container_post\" value=\"0\" \/><input type=\"hidden\" name=\"_wpcf7_posted_data_hash\" value=\"\" \/><input type=\"hidden\" name=\"_wpcf7_recaptcha_response\" value=\"\" \/>\n<\/fieldset>\n<p>Votre nom (obligatoire)\n<\/p>\n<p><span class=\"wpcf7-form-control-wrap\" data-name=\"your-name\"><input size=\"40\" maxlength=\"400\" class=\"wpcf7-form-control wpcf7-text wpcf7-validates-as-required\" aria-required=\"true\" aria-invalid=\"false\" value=\"\" type=\"text\" name=\"your-name\" \/><\/span>\n<\/p>\n<p>Votre email (obligatoire)\n<\/p>\n<p><span class=\"wpcf7-form-control-wrap\" data-name=\"your-email\"><input size=\"40\" maxlength=\"400\" class=\"wpcf7-form-control wpcf7-email wpcf7-validates-as-required wpcf7-text wpcf7-validates-as-email\" aria-required=\"true\" aria-invalid=\"false\" value=\"\" type=\"email\" name=\"your-email\" \/><\/span>\n<\/p>\n<p>Sujet\n<\/p>\n<p><span class=\"wpcf7-form-control-wrap\" data-name=\"your-subject\"><input size=\"40\" maxlength=\"400\" class=\"wpcf7-form-control wpcf7-text\" aria-invalid=\"false\" value=\"\" type=\"text\" name=\"your-subject\" \/><\/span>\n<\/p>\n<p>Votre message\n<\/p>\n<p><span class=\"wpcf7-form-control-wrap\" data-name=\"your-message\"><textarea cols=\"40\" rows=\"10\" maxlength=\"2000\" class=\"wpcf7-form-control wpcf7-textarea\" aria-invalid=\"false\" name=\"your-message\"><\/textarea><\/span>\n<\/p>\n<p><input class=\"wpcf7-form-control wpcf7-submit has-spinner\" type=\"submit\" value=\"Envoyer\" \/>\n<\/p><div class=\"fusion-alert alert custom alert-custom fusion-alert-center wpcf7-response-output fusion-alert-capitalize awb-alert-native-link-color alert-dismissable awb-alert-close-boxed\" style=\"--awb-border-size:1px;--awb-border-top-left-radius:0px;--awb-border-top-right-radius:0px;--awb-border-bottom-left-radius:0px;--awb-border-bottom-right-radius:0px;\" role=\"alert\"><div class=\"fusion-alert-content-wrapper\"><span class=\"fusion-alert-content\"><\/span><\/div><button type=\"button\" class=\"close toggle-alert\" data-dismiss=\"alert\" aria-label=\"Close\">&times;<\/button><\/div>\n<\/form>\n<\/div>\n\n<p><strong>Traitement et protection des donn\u00e9es<\/strong><br \/>\n\u2022 Les donn\u00e9es personnelles recueillies sur le site r\u00e9sultent de la communication volontaire d\u2019une adresse de courrier \u00e9lectronique lors de l\u2019envoi d\u2019un formulaire.<br \/>\nLes adresses E-mail ainsi recueillies ne servent qu\u2019\u00e0 transmettre les \u00e9l\u00e9ments d\u2019information demand\u00e9s.<br \/>\n\u2022 Les adresses \u00e9lectroniques collect\u00e9es ne feront l\u2019objet d\u2019aucune cession \u00e0 des tiers.<br \/>\n\u2022 La loi \u00ab Informatique et Libert\u00e9s \u00bb du 6 janvier 1978 modifi\u00e9e par la loi du 6 ao\u00fbt 2004 encadre la mise en oeuvre des fichiers ou des traitements de donn\u00e9es \u00e0 caract\u00e8re personnel qu\u2019ils soient automatis\u00e9s ou manuels.<br \/>\nVous disposez d\u2019un droit d\u2019acc\u00e8s, de modification, de rectification et de suppression des donn\u00e9es qui vous concernent (art. 34 de la loi \u00ab Informatique et Libert\u00e9s \u00bb).<br \/>\nVous pouvez l\u2019exercer par mail en le pr\u00e9cisant \u00e0 contact@cmpaix.eu<\/p>\n<\/div>\n","protected":false},"excerpt":{"rendered":"<p>&gt;&gt; Nous contacter Coordonn\u00e9es Centre Mondial de la Paix des Libert\u00e9s et des Droits de l&rsquo;Homme Place Monseigneur Ginisty B.P. 10183 55105 VERDUN Cedex T\u00e9l. +33 (0) 3 29 86 55 00 R\u00e9servation de groupes reservationgroupe@cmpaix.eu Locations de salles location@cmpaix.eu Scolaires scolaire@cmpaix.eu Informations contact@cmpaix.eu Horaires d\u2019ouverture L&rsquo;accueil administratif est assur\u00e9  [&#8230;]<\/p>\n","protected":false},"author":1,"featured_media":0,"parent":0,"menu_order":0,"comment_status":"open","ping_status":"open","template":"100-width.php","meta":{"ngg_post_thumbnail":0,"footnotes":""},"class_list":["post-86","page","type-page","status-publish","hentry"],"_links":{"self":[{"href":"http:\/\/cmpaix.eu\/fr\/wp-json\/wp\/v2\/pages\/86","targetHints":{"allow":["GET"]}}],"collection":[{"href":"http:\/\/cmpaix.eu\/fr\/wp-json\/wp\/v2\/pages"}],"about":[{"href":"http:\/\/cmpaix.eu\/fr\/wp-json\/wp\/v2\/types\/page"}],"author":[{"embeddable":true,"href":"http:\/\/cmpaix.eu\/fr\/wp-json\/wp\/v2\/users\/1"}],"replies":[{"embeddable":true,"href":"http:\/\/cmpaix.eu\/fr\/wp-json\/wp\/v2\/comments?post=86"}],"version-history":[{"count":86,"href":"http:\/\/cmpaix.eu\/fr\/wp-json\/wp\/v2\/pages\/86\/revisions"}],"predecessor-version":[{"id":14973,"href":"http:\/\/cmpaix.eu\/fr\/wp-json\/wp\/v2\/pages\/86\/revisions\/14973"}],"wp:attachment":[{"href":"http:\/\/cmpaix.eu\/fr\/wp-json\/wp\/v2\/media?parent=86"}],"curies":[{"name":"wp","href":"https:\/\/api.w.org\/{rel}","templated":true}]}}