{"id":9385,"date":"2020-06-11T14:24:05","date_gmt":"2020-06-11T12:24:05","guid":{"rendered":"http:\/\/cmpaix.eu\/fr\/?page_id=9385"},"modified":"2023-01-27T11:33:53","modified_gmt":"2023-01-27T09:33:53","slug":"conditions-de-visite","status":"publish","type":"page","link":"http:\/\/cmpaix.eu\/fr\/conditions-de-visite\/","title":{"rendered":"Conditions de visite"},"content":{"rendered":"<p><img class=\"lazyload\" decoding=\"async\" style=\"padding-bottom: 1em;\" src=\"data:image\/svg+xml,%3Csvg%20xmlns%3D%27http%3A%2F%2Fwww.w3.org%2F2000%2Fsvg%27%20width%3D%27940%27%20height%3D%2735%27%20viewBox%3D%270%200%20940%2035%27%3E%3Crect%20width%3D%27940%27%20height%3D%2735%27%20fill-opacity%3D%220%22%2F%3E%3C%2Fsvg%3E\" data-orig-src=\"http:\/\/cmpaix.eu\/fr\/wp-content\/uploads\/2020\/06\/sepconditionvisite.jpg\" alt=\"\"><\/p>\n<div class=\"accueil_bg_orange shadow\"><div class=\"fusion-fullwidth fullwidth-box fusion-builder-row-1 hundred-percent-fullwidth non-hundred-percent-height-scrolling\" style=\"--awb-border-radius-top-left:0px;--awb-border-radius-top-right:0px;--awb-border-radius-bottom-right:0px;--awb-border-radius-bottom-left:0px;--awb-overflow:visible;--awb-margin-top:-40px;--awb-background-color:rgba(255,255,255,0);--awb-flex-wrap:wrap;\" ><div class=\"fusion-builder-row fusion-row\"><div class=\"fusion-layout-column fusion_builder_column fusion-builder-column-0 fusion_builder_column_1_1 1_1 fusion-one-full fusion-column-first fusion-column-last fusion-column-no-min-height\" style=\"--awb-bg-size:cover;--awb-margin-bottom:0px;\"><div class=\"fusion-column-wrapper fusion-flex-column-wrapper-legacy\"><div class=\"fusion-sep-clear\"><\/div><div class=\"fusion-separator fusion-full-width-sep\" style=\"margin-left: auto;margin-right: auto;width:100%;\"><\/div><div class=\"fusion-sep-clear\"><\/div>\n<div class=\"fusion-clearfix\"><\/div><\/div><\/div><\/div><\/div><div class=\"fusion-fullwidth fullwidth-box fusion-builder-row-2 hundred-percent-fullwidth non-hundred-percent-height-scrolling\" style=\"--awb-border-radius-top-left:0px;--awb-border-radius-top-right:0px;--awb-border-radius-bottom-right:0px;--awb-border-radius-bottom-left:0px;--awb-overflow:visible;--awb-flex-wrap:wrap;\" ><div class=\"fusion-builder-row fusion-row\"><div class=\"fusion-layout-column fusion_builder_column fusion-builder-column-1 fusion_builder_column_1_3 1_3 fusion-one-third fusion-column-first\" style=\"--awb-bg-size:cover;width:33.333333333333%;width:calc(33.333333333333% - ( ( 4% ) * 0.33333333333333 ) );margin-right: 4%;\"><div class=\"fusion-column-wrapper fusion-flex-column-wrapper-legacy\">&nbsp;&nbsp;&nbsp;<\/p>\n<h2>Coordonn\u00e9es<\/h2>\n<p>Centre Mondial de la Paix<br \/>\ndes Libert\u00e9s et des Droits de l&rsquo;Homme<\/p>\n<p>Place Monseigneur Ginisty B.P. 10183<br \/>\n55105 VERDUN Cedex<br \/>\nT\u00e9l. +33 (0) 3 29 86 55 00<\/p>\n<p>Coordonn\u00e9es GPS (Lat x Long) :<br \/>\n49.158779000, 5.380270000<\/p>\n<p>&nbsp;<\/p>\n<h2>Horaires d\u2019ouverture<\/h2>\n<p>Tous les jours, de 10h \u00e0 12h30 et de 14h \u00e0 18h<\/p>\n<p><a href=\"https:\/\/www.tourisme-lorraine.fr\/pass-lorraine\/\" target=\"_blank\" rel=\"noopener noreferrer\"><img class=\"lazyload\" decoding=\"async\" src=\"data:image\/svg+xml,%3Csvg%20xmlns%3D%27http%3A%2F%2Fwww.w3.org%2F2000%2Fsvg%27%20width%3D%27320%27%20height%3D%27250%27%20viewBox%3D%270%200%20320%20250%27%3E%3Crect%20width%3D%27320%27%20height%3D%27250%27%20fill-opacity%3D%220%22%2F%3E%3C%2Fsvg%3E\" data-orig-src=\"http:\/\/cmpaix.eu\/fr\/wp-content\/uploads\/2013\/09\/pass-lorraine.jpg\"><\/a><\/p>\n<div class=\"fusion-clearfix\"><\/div><\/div><\/div>\n<div class=\"fusion-layout-column fusion_builder_column fusion-builder-column-2 fusion_builder_column_2_3 2_3 fusion-two-third fusion-column-last\" style=\"--awb-bg-size:cover;width:66.666666666667%;width:calc(66.666666666667% - ( ( 4% ) * 0.66666666666667 ) );\"><div class=\"fusion-column-wrapper fusion-flex-column-wrapper-legacy\">\n<p>&nbsp;<\/p>\n<h2>Conditions de visite<\/h2>\n<p>Les expositions et la boutique librairie du Centre Mondial de la Paix ont le plaisir de vous accueillir \u00e0 nouveau dans de<strong> parfaites conditions sanitaires.<\/strong><\/p>\n<h4> <u>Mesures sanitaires <\/u><\/h4>\n<p>&gt; D\u00e8s le 21 juillet 2021, l\u2019acc\u00e8s au Centre Mondial de la Paix, des libert\u00e9s et des droits de l\u2019Homme est conditionn\u00e9 \u00e0 la pr\u00e9sentation d\u2019un <strong>pass sanitaire<\/strong>.<\/p>\n<p><a href=\"http:\/\/cmpaix.eu\/fr\/wp-content\/uploads\/2021\/07\/conseils-presentation-pass.jpg\" target=\"_blank\" rel=\"noopener noreferrer\"><img decoding=\"async\" class=\"lazyload wp-image-9395 alignnone\" src=\"data:image\/svg+xml,%3Csvg%20xmlns%3D%27http%3A%2F%2Fwww.w3.org%2F2000%2Fsvg%27%20width%3D%27200%27%20height%3D%27304%27%20viewBox%3D%270%200%20200%20304%27%3E%3Crect%20width%3D%27200%27%20height%3D%27304%27%20fill-opacity%3D%220%22%2F%3E%3C%2Fsvg%3E\" data-orig-src=\"http:\/\/cmpaix.eu\/fr\/wp-content\/uploads\/2021\/07\/conseils-presentation-pass-l.jpg\" alt=\"\" width=\"200\" height=\"304\"><\/a> <a href=\"http:\/\/cmpaix.eu\/fr\/wp-content\/uploads\/2021\/07\/TAC_Carnet-Signal\u00e9tique-Affiche_A4.jpg\" target=\"_blank\" rel=\"noopener noreferrer\"><img decoding=\"async\" class=\"lazyload wp-image-9395 alignnone\" src=\"data:image\/svg+xml,%3Csvg%20xmlns%3D%27http%3A%2F%2Fwww.w3.org%2F2000%2Fsvg%27%20width%3D%27200%27%20height%3D%27304%27%20viewBox%3D%270%200%20200%20304%27%3E%3Crect%20width%3D%27200%27%20height%3D%27304%27%20fill-opacity%3D%220%22%2F%3E%3C%2Fsvg%3E\" data-orig-src=\"http:\/\/cmpaix.eu\/fr\/wp-content\/uploads\/2021\/07\/TAC_Carnet-Signal\u00e9tique-Affiche_A4-l.jpg\" alt=\"\" width=\"200\" height=\"304\"><\/a><\/p>\n<p>&gt; <strong>Mise \u00e0 disposition de gel hydroalcoolique<\/strong> \u00e0 l&rsquo;entr\u00e9e de l&rsquo;accueil du Centre Mondial de la Paix avec obligation pr\u00e9alable pour les visiteurs de se nettoyer les mains.<br \/>\n&gt; Pr\u00e9sence de <strong>bandes autocollantes<\/strong> au sol pour marquer les<strong> distances sociales<\/strong>.<br \/>\n&gt; Portes d\u2019acc\u00e8s ouvertes permettent d\u2019<strong>\u00e9viter toute manipulation.<\/strong><br \/>\n&gt; Des <strong>plaques de s\u00e9paration en plexiglas<\/strong> entre la borne d\u2019accueil et les visiteurs sont mises en place pour la protection de tous.<br \/>\n&gt; Le<strong> paiement par carte bleue sans contact est \u00e0 privil\u00e9gier<\/strong>. Les TPE seront <strong>d\u00e9sinfect\u00e9s apr\u00e8s chaque transaction<\/strong>.<br \/>\n&gt; Le personnel d&rsquo;accueil est \u00e9quip\u00e9 de <strong>masque et de visi\u00e8re de protection<\/strong>.<br \/>\n&gt; L\u2019<strong>Audio-guide gratuit<\/strong> <strong>est nettoy\u00e9 avec du virucide apr\u00e8s chaque utilisation<\/strong>, mais les visiteurs doivent utiliser <strong>leurs \u00e9couteurs personnels<\/strong>.<br \/>\n&gt; La<strong> visite peut s\u2019effectuer sans rien toucher.<\/strong><br \/>\n&gt; Les <strong>mobiliers et espaces sont r\u00e9guli\u00e8rement d\u00e9sinfect\u00e9s.<\/strong><\/p>\n<h4> <u>Rappel des gestes barri\u00e8res <\/u><\/h4>\n<p><a href=\"http:\/\/cmpaix.eu\/fr\/wp-content\/uploads\/2020\/06\/consignes-sanitaires.jpg\" target=\"_blank\" rel=\"noopener noreferrer\"><img decoding=\"async\" class=\"lazyload wp-image-9395 alignnone\" src=\"data:image\/svg+xml,%3Csvg%20xmlns%3D%27http%3A%2F%2Fwww.w3.org%2F2000%2Fsvg%27%20width%3D%27200%27%20height%3D%27304%27%20viewBox%3D%270%200%20200%20304%27%3E%3Crect%20width%3D%27200%27%20height%3D%27304%27%20fill-opacity%3D%220%22%2F%3E%3C%2Fsvg%3E\" data-orig-src=\"http:\/\/cmpaix.eu\/fr\/wp-content\/uploads\/2020\/06\/consignes-sanitaires.jpg\" alt=\"\" width=\"200\" height=\"304\"><\/a><\/p>\n<h4> <u>R\u00e8gles de visite <\/u><\/h4>\n<p>&gt; Les visiteurs doivent respecter le protocole sanitaire mis en place et les gestes barri\u00e8res.<br \/>\n&gt; Il n\u2019est pas n\u00e9cessaire de r\u00e9server au pr\u00e9alable sa visite.<\/p>\n<h4> <u>FAQ<\/u><\/h4>\n<p>&gt; Afin d\u2019avoir plus d\u2019informations, une FAQ commune \u00e0 tous les sites touristiques et culturels du Grand Verdun sera tr\u00e8s prochainement en ligne sur le site Internet de l\u2019<a href=\"https:\/\/www.tourisme-verdun.com\/foire-aux-questions\" target=\"_blank\" rel=\"noopener noreferrer\">Office de Tourisme<\/a>.<div class=\"fusion-clearfix\"><\/div><\/div><\/div>\n<div class=\"fusion-layout-column fusion_builder_column fusion-builder-column-3 fusion_builder_column_1_1 1_1 fusion-one-full fusion-column-first fusion-column-last fusion-column-no-min-height\" style=\"--awb-bg-size:cover;--awb-margin-bottom:0px;\"><div class=\"fusion-column-wrapper fusion-flex-column-wrapper-legacy\"><div class=\"fusion-sep-clear\"><\/div><div class=\"fusion-separator fusion-full-width-sep\" style=\"margin-left: auto;margin-right: auto;margin-top:-20px;margin-bottom:-20px;width:100%;\"><\/div><div class=\"fusion-sep-clear\"><\/div><div class=\"fusion-clearfix\"><\/div><\/div><\/div><\/div><\/div><\/p><\/div>\n","protected":false},"excerpt":{"rendered":"","protected":false},"author":1,"featured_media":0,"parent":0,"menu_order":0,"comment_status":"closed","ping_status":"closed","template":"","meta":{"ngg_post_thumbnail":0,"footnotes":""},"class_list":["post-9385","page","type-page","status-publish","hentry"],"_links":{"self":[{"href":"http:\/\/cmpaix.eu\/fr\/wp-json\/wp\/v2\/pages\/9385","targetHints":{"allow":["GET"]}}],"collection":[{"href":"http:\/\/cmpaix.eu\/fr\/wp-json\/wp\/v2\/pages"}],"about":[{"href":"http:\/\/cmpaix.eu\/fr\/wp-json\/wp\/v2\/types\/page"}],"author":[{"embeddable":true,"href":"http:\/\/cmpaix.eu\/fr\/wp-json\/wp\/v2\/users\/1"}],"replies":[{"embeddable":true,"href":"http:\/\/cmpaix.eu\/fr\/wp-json\/wp\/v2\/comments?post=9385"}],"version-history":[{"count":32,"href":"http:\/\/cmpaix.eu\/fr\/wp-json\/wp\/v2\/pages\/9385\/revisions"}],"predecessor-version":[{"id":11328,"href":"http:\/\/cmpaix.eu\/fr\/wp-json\/wp\/v2\/pages\/9385\/revisions\/11328"}],"wp:attachment":[{"href":"http:\/\/cmpaix.eu\/fr\/wp-json\/wp\/v2\/media?parent=9385"}],"curies":[{"name":"wp","href":"https:\/\/api.w.org\/{rel}","templated":true}]}}