{"id":11832,"date":"2023-04-07T15:14:13","date_gmt":"2023-04-07T13:14:13","guid":{"rendered":"http:\/\/cmpaix.eu\/fr\/?page_id=11832"},"modified":"2023-04-07T15:14:13","modified_gmt":"2023-04-07T13:14:13","slug":"symboles-franco-allemands","status":"publish","type":"page","link":"https:\/\/cmpaix.eu\/fr\/symboles-franco-allemands\/","title":{"rendered":"Symboles franco-allemands"},"content":{"rendered":"<div class=\"fusion-fullwidth fullwidth-box fusion-builder-row-1 hundred-percent-fullwidth non-hundred-percent-height-scrolling\" style=\"--awb-border-radius-top-left:0px;--awb-border-radius-top-right:0px;--awb-border-radius-bottom-right:0px;--awb-border-radius-bottom-left:0px;--awb-overflow:visible;--awb-padding-right:0px;--awb-padding-left:0px;--awb-flex-wrap:wrap;\" ><\/p>\n<table width=\"100%\" border=\"0\" cellspacing=\"1\" cellpadding=\"5\">\n<tr>\n<td width=\"20%\"  style=\"font-family: Helvetica, arial, sans-serif; font-size: 12px; color: #00000; text-align:left; line-height: 18px; vertical-align: top;\">&nbsp;<\/td>\n<td width=\"60%\" style=\"font-family: Helvetica, arial, sans-serif; font-size: 20px; color: 4b4a4d; text-align:center; line-height: 30px;\">\n<p id=\"resa\"><strong><br \/>\nNe manquez pas <br \/>nos symboles franco-allemands<br \/> pendant votre visite<br \/>\n<\/strong><\/p>\n<\/td>\n<td width=\"20%\" style=\"font-family: Helvetica, arial, sans-serif; font-size: 12px; color: #00000; text-align:left; line-height: 18px; vertical-align: top;\">&nbsp;<\/td>\n<\/tr>\n<\/table>\n<p class=\"fr-btn-bleu-fonce text-white at-external-link-click\">>> Un fragment du Mur de Berlin<\/p>\n<div class=\"fusion-sep-clear\"><\/div><div class=\"fusion-separator fusion-full-width-sep\" style=\"margin-left: auto;margin-right: auto;margin-top:-20px;margin-bottom:-20px;width:100%;\"><\/div><div class=\"fusion-sep-clear\"><\/div>\n<div class=\"accueil_bg_orange shadow\">\n<div class=\"fusion-sep-clear\"><\/div><div class=\"fusion-separator fusion-full-width-sep\" style=\"margin-left: auto;margin-right: auto;margin-top:10px;margin-bottom:10px;width:100%;\"><\/div><div class=\"fusion-sep-clear\"><\/div>\n<p><img class=\"lazyload\" decoding=\"async\" style=\"padding-bottom: 1em; float: right; margin:15px;\" alt=\"\" src=\"data:image\/gif;base64,R0lGODlhAQABAAAAACH5BAEKAAEALAAAAAABAAEAAAICTAEAOw==\" data-orig-src=\"http:\/\/cmpaix.eu\/fr\/wp-content\/uploads\/2014\/02\/murberlin.jpg\" width=\"200\"><\/p>\n<p>Symbole de l\u2019amiti\u00e9 franco-allemande, ce <strong>fragment du Mur de Berlin<\/strong> est \u00e0 d\u00e9couvrir dans les Jardins franco-allemands et europ\u00e9ens du Centre Mondial de la Paix.<\/p>\n<p>Il nous a \u00e9t\u00e9 offert par la Ville de Berlin en 2014, \u00e0 l&rsquo;occasion du <strong>25e anniversaire de la chute du Mur de Berlin. <\/strong><\/p>\n<div class=\"fusion-sep-clear\"><\/div><div class=\"fusion-separator fusion-full-width-sep\" style=\"margin-left: auto;margin-right: auto;margin-top:5px;margin-bottom:5px;width:100%;\"><\/div><div class=\"fusion-sep-clear\"><\/div>\n<\/div>\n<p class=\"fr-btn-bleu-fonce text-white at-external-link-click\">>> Deux Dipl\u00f4mes du Prix Charlemagne  <\/p>\n<div class=\"fusion-sep-clear\"><\/div><div class=\"fusion-separator fusion-full-width-sep\" style=\"margin-left: auto;margin-right: auto;margin-top:-20px;margin-bottom:-20px;width:100%;\"><\/div><div class=\"fusion-sep-clear\"><\/div>\n<div class=\"accueil_bg_orange shadow\">\n<div class=\"fusion-sep-clear\"><\/div><div class=\"fusion-separator fusion-full-width-sep\" style=\"margin-left: auto;margin-right: auto;margin-top:10px;margin-bottom:10px;width:100%;\"><\/div><div class=\"fusion-sep-clear\"><\/div>\n<p><img class=\"lazyload\" decoding=\"async\" style=\"padding-bottom: 1em; float: right; margin:15px;\" alt=\"\" src=\"data:image\/gif;base64,R0lGODlhAQABAAAAACH5BAEKAAEALAAAAAABAAEAAAICTAEAOw==\" data-orig-src=\"http:\/\/cmpaix.eu\/fr\/wp-content\/uploads\/2023\/04\/prix-charlemagne-macron.jpg\" width=\"200\"><br \/>\n<img class=\"lazyload\" decoding=\"async\" style=\"padding-bottom: 1em; float: right; margin:15px;\" alt=\"\" src=\"data:image\/gif;base64,R0lGODlhAQABAAAAACH5BAEKAAEALAAAAAABAAEAAAICTAEAOw==\" data-orig-src=\"http:\/\/cmpaix.eu\/fr\/wp-content\/uploads\/2023\/04\/prix-charlemagne-mitterrand.jpg\" width=\"200\"><\/p>\n<p>En visitant l&rsquo;exposition \u00ab\u00a0Dr\u00f4les de Paix : de 1945 \u00e0 aujourd&rsquo;hui\u00a0\u00bb vous aurez la possibilit\u00e9 de voir deux dipl\u00f4mes du <strong>Prix Charlemagne<\/strong>, <strong>la plus prestigieuse et la plus ancienne des distinctions europ\u00e9ennes<\/strong>.<br \/>\n<br \/>\nLe premier a \u00e9t\u00e9 remis \u00e0 Fran\u00e7ois MITTERRAND et Helmut KOHL en 1988, en reconnaissance du travail accompli tout au long de leur vie<br \/>\npour les relations franco-allemandes et leur engagement en faveur de l\u2019unification europ\u00e9enne.<br \/>\nLe deuxi\u00e8me a \u00e9t\u00e9 remis \u00e0 Emmanuel MACRON en 2018 pour sa volont\u00e9 de \u00ab\u00a0r\u00e9ancrer l\u2019Europe et l\u2019id\u00e9e europ\u00e9enne au c\u0153ur des soci\u00e9t\u00e9s\u00a0\u00bb.<\/p>\n<\/div>\n<p class=\"fr-btn-bleu-fonce text-white at-external-link-click\">>> la Cloche de la Paix franco-allemande et europ\u00e9enne    <\/p>\n<div class=\"fusion-sep-clear\"><\/div><div class=\"fusion-separator fusion-full-width-sep\" style=\"margin-left: auto;margin-right: auto;margin-top:-20px;margin-bottom:-20px;width:100%;\"><\/div><div class=\"fusion-sep-clear\"><\/div>\n<div class=\"accueil_bg_orange shadow\">\n<div class=\"fusion-sep-clear\"><\/div><div class=\"fusion-separator fusion-full-width-sep\" style=\"margin-left: auto;margin-right: auto;margin-top:10px;margin-bottom:10px;width:100%;\"><\/div><div class=\"fusion-sep-clear\"><\/div>\n<p><img class=\"lazyload\" decoding=\"async\" style=\"padding-bottom: 1em; float: right; margin:15px;\" alt=\"\" src=\"data:image\/gif;base64,R0lGODlhAQABAAAAACH5BAEKAAEALAAAAAABAAEAAAICTAEAOw==\" data-orig-src=\"http:\/\/cmpaix.eu\/fr\/wp-content\/uploads\/2023\/02\/IMG_9610-2-l.jpg\" width=\"200\"><br \/>\nNouveau symbole de l\u2019amiti\u00e9 franco-allemande, la Cloche de la Paix franco-allemande et europ\u00e9enne du Centre Mondial de la Paix, des libert\u00e9s et des droits de l\u2019Homme est l\u2019une des 3 <strong>cloches de la paix<\/strong> r\u00e9alis\u00e9es dans le cadre du projet All 4 Peace en partenariat avec la Ville de Mamer (Luxembourg) et la KulturGie\u00dferei de Saarburg (Allemagne).  <\/p>\n<p>Elle a \u00e9t\u00e9 cr\u00e9\u00e9e \u00e0 l\u2019occasion du 60e anniversaire du Trait\u00e9 de l\u2019Elys\u00e9e pour souligner l\u2019<strong>importance de l\u2019amiti\u00e9 franco-allemande au service de l\u2019Europe<\/strong>.<\/p>\n<div class=\"fusion-sep-clear\"><\/div><div class=\"fusion-separator fusion-full-width-sep\" style=\"margin-left: auto;margin-right: auto;margin-top:5px;margin-bottom:5px;width:100%;\"><\/div><div class=\"fusion-sep-clear\"><\/div>\n<\/div>\n<p class=\"fr-btn-bleu-fonce text-white at-external-link-click\">>> La veste officielle et le tablier d&rsquo;Ulrich KERZ  <\/p>\n<div class=\"fusion-sep-clear\"><\/div><div class=\"fusion-separator fusion-full-width-sep\" style=\"margin-left: auto;margin-right: auto;margin-top:-20px;margin-bottom:-20px;width:100%;\"><\/div><div class=\"fusion-sep-clear\"><\/div>\n<div class=\"accueil_bg_orange shadow\">\n<div class=\"fusion-sep-clear\"><\/div><div class=\"fusion-separator fusion-full-width-sep\" style=\"margin-left: auto;margin-right: auto;margin-top:10px;margin-bottom:10px;width:100%;\"><\/div><div class=\"fusion-sep-clear\"><\/div>\n<p><img class=\"lazyload\" decoding=\"async\" style=\"padding-bottom: 1em; float: right; margin:15px;\" alt=\"\" src=\"data:image\/gif;base64,R0lGODlhAQABAAAAACH5BAEKAAEALAAAAAABAAEAAAICTAEAOw==\" data-orig-src=\"http:\/\/cmpaix.eu\/fr\/wp-content\/uploads\/2023\/04\/tablier-ulrich-kerz.jpg\" width=\"200\"><br \/>\nLa veste officielle et le tablier d&rsquo;Ulrich KERZ, Chef des cuisines de la Chancellerie allemande, est \u00e0 d\u00e9couvrir dans l&rsquo;exposition \u00ab\u00a0Dr\u00f4les de Paix : de 1945 \u00e0 aujourd&rsquo;hui\u00a0\u00bb <\/p>\n<p>Ulrich KERZ \u00e9tait pr\u00e9sent lors de l&rsquo;\u00e9v\u00e9nement \u00ab\u00a0Dessert embl\u00e9matique franco-allemand et gastronomie diplomatique\u00a0\u00bb qui a r\u00e9uni au Centre Mondial de la Paix plusieurs chefs des cuisines de dirigeants europ\u00e9ens. C&rsquo;est \u00e0 cette occasion que le <strong>dessert embl\u00e9matique franco-allemand <\/strong>a \u00e9t\u00e9 pr\u00e9sent\u00e9.<\/a><\/p>\n<div class=\"fusion-sep-clear\"><\/div><div class=\"fusion-separator fusion-full-width-sep\" style=\"margin-left: auto;margin-right: auto;margin-top:5px;margin-bottom:5px;width:100%;\"><\/div><div class=\"fusion-sep-clear\"><\/div>\n<\/div>\n<p class=\"fr-btn-bleu-fonce text-white at-external-link-click\">>> Planche contact de la photo du Geste de Verdun<\/p>\n<div class=\"fusion-sep-clear\"><\/div><div class=\"fusion-separator fusion-full-width-sep\" style=\"margin-left: auto;margin-right: auto;margin-top:-20px;margin-bottom:-20px;width:100%;\"><\/div><div class=\"fusion-sep-clear\"><\/div>\n<div class=\"accueil_bg_orange shadow\">\n<div class=\"fusion-sep-clear\"><\/div><div class=\"fusion-separator fusion-full-width-sep\" style=\"margin-left: auto;margin-right: auto;margin-top:10px;margin-bottom:10px;width:100%;\"><\/div><div class=\"fusion-sep-clear\"><\/div>\n<p><img class=\"lazyload\" decoding=\"async\" style=\"padding-bottom: 1em; float: right; margin:15px;\" alt=\"\" src=\"data:image\/gif;base64,R0lGODlhAQABAAAAACH5BAEKAAEALAAAAAABAAEAAAICTAEAOw==\" data-orig-src=\"http:\/\/cmpaix.eu\/fr\/wp-content\/uploads\/2023\/04\/photo-geste-de-verdun.jpg\" width=\"200\"><\/p>\n<p>Vous retrouverez \u00e9galement dans dans l&rsquo;exposition \u00ab\u00a0Dr\u00f4les de Paix : de 1945 \u00e0 aujourd&rsquo;hui\u00a0\u00bb, la planche contact de la photo de la <strong>poign\u00e9e de main entre le Chancelier allemand Helmut KOHL et le Pr\u00e9sident fran\u00e7ais Fran\u00e7ois MITTERRAND<\/strong>. Une photo de Fr\u00e9d\u00e9ric DE LA MURE &#8211; 22 septembre 1984.<\/p>\n<p>Les all\u00e9es de la N\u00e9cropole Nationale de Douaumont n\u2019ont pas offert l\u2019image attendue par les deux chancelleries et les photographes.<br \/>\nLe g\u00e9nie du cadrage photographique a donn\u00e9 \u00e0 la post\u00e9rit\u00e9 un geste per\u00e7u comme intimiste, alors que la foule des participants \u00e9tait importante.<br \/>\nDe nombreux photographes \u00e9taient pr\u00e9sents, mais seuls deux r\u00e9ussiront \u00e0 offrir <strong>une image intimiste de la communion des deux hommes<\/strong>.<\/p>\n<div class=\"fusion-sep-clear\"><\/div><div class=\"fusion-separator fusion-full-width-sep\" style=\"margin-left: auto;margin-right: auto;margin-top:5px;margin-bottom:5px;width:100%;\"><\/div><div class=\"fusion-sep-clear\"><\/div>\n<\/div>\n<p><\/div>\n","protected":false},"excerpt":{"rendered":"","protected":false},"author":1,"featured_media":0,"parent":0,"menu_order":0,"comment_status":"closed","ping_status":"closed","template":"","meta":{"ngg_post_thumbnail":0,"footnotes":""},"class_list":["post-11832","page","type-page","status-publish","hentry"],"_links":{"self":[{"href":"https:\/\/cmpaix.eu\/fr\/wp-json\/wp\/v2\/pages\/11832","targetHints":{"allow":["GET"]}}],"collection":[{"href":"https:\/\/cmpaix.eu\/fr\/wp-json\/wp\/v2\/pages"}],"about":[{"href":"https:\/\/cmpaix.eu\/fr\/wp-json\/wp\/v2\/types\/page"}],"author":[{"embeddable":true,"href":"https:\/\/cmpaix.eu\/fr\/wp-json\/wp\/v2\/users\/1"}],"replies":[{"embeddable":true,"href":"https:\/\/cmpaix.eu\/fr\/wp-json\/wp\/v2\/comments?post=11832"}],"version-history":[{"count":1,"href":"https:\/\/cmpaix.eu\/fr\/wp-json\/wp\/v2\/pages\/11832\/revisions"}],"predecessor-version":[{"id":11833,"href":"https:\/\/cmpaix.eu\/fr\/wp-json\/wp\/v2\/pages\/11832\/revisions\/11833"}],"wp:attachment":[{"href":"https:\/\/cmpaix.eu\/fr\/wp-json\/wp\/v2\/media?parent=11832"}],"curies":[{"name":"wp","href":"https:\/\/api.w.org\/{rel}","templated":true}]}}