{"id":14946,"date":"2025-07-04T17:56:28","date_gmt":"2025-07-04T15:56:28","guid":{"rendered":"https:\/\/cmpaix.eu\/fr\/?page_id=14946"},"modified":"2025-09-21T10:55:38","modified_gmt":"2025-09-21T08:55:38","slug":"la-marelle","status":"publish","type":"page","link":"https:\/\/cmpaix.eu\/fr\/la-marelle\/","title":{"rendered":"La Marelle"},"content":{"rendered":"<section class=\"palais-section\">\n<h2>La Marelle<\/h2>\n<p>Cette marelle en fonte est une \u0153uvre de l\u2019artiste St\u00e9phane Lallemand. Elle a \u00e9t\u00e9 r\u00e9alis\u00e9e \u00e0 l\u2019occasion du 90<sup>e<\/sup> anniversaire de la bataille de Verdun en 2006.<\/p>\n<p><img decoding=\"async\" class=\"lazyload alignleft size-medium wp-image-15129\" src=\"http:\/\/cmpaix.eu\/fr\/wp-content\/uploads\/2025\/09\/Raw-Photo-225x300.jpg\" data-orig-src=\"http:\/\/cmpaix.eu\/fr\/wp-content\/uploads\/2025\/09\/Raw-Photo-225x300.jpg\" alt=\"\" width=\"225\" height=\"300\" srcset=\"data:image\/svg+xml,%3Csvg%20xmlns%3D%27http%3A%2F%2Fwww.w3.org%2F2000%2Fsvg%27%20width%3D%27225%27%20height%3D%27300%27%20viewBox%3D%270%200%20225%20300%27%3E%3Crect%20width%3D%27225%27%20height%3D%27300%27%20fill-opacity%3D%220%22%2F%3E%3C%2Fsvg%3E\" data-srcset=\"https:\/\/cmpaix.eu\/fr\/wp-content\/uploads\/2025\/09\/Raw-Photo-200x267.jpg 200w, https:\/\/cmpaix.eu\/fr\/wp-content\/uploads\/2025\/09\/Raw-Photo-225x300.jpg 225w, https:\/\/cmpaix.eu\/fr\/wp-content\/uploads\/2025\/09\/Raw-Photo-400x533.jpg 400w, https:\/\/cmpaix.eu\/fr\/wp-content\/uploads\/2025\/09\/Raw-Photo-600x800.jpg 600w, https:\/\/cmpaix.eu\/fr\/wp-content\/uploads\/2025\/09\/Raw-Photo-768x1024.jpg 768w, https:\/\/cmpaix.eu\/fr\/wp-content\/uploads\/2025\/09\/Raw-Photo-800x1067.jpg 800w, https:\/\/cmpaix.eu\/fr\/wp-content\/uploads\/2025\/09\/Raw-Photo-1152x1536.jpg 1152w, https:\/\/cmpaix.eu\/fr\/wp-content\/uploads\/2025\/09\/Raw-Photo-1200x1600.jpg 1200w, https:\/\/cmpaix.eu\/fr\/wp-content\/uploads\/2025\/09\/Raw-Photo.jpg 1512w\" data-sizes=\"auto\" data-orig-sizes=\"(max-width: 225px) 100vw, 225px\" \/>Elle est couverte d\u2019extraits de lettres&nbsp; de soldats fran\u00e7ais et allemands \u00e9crites pendant la Premi\u00e8re Guerre mondiale. Ils montrent le caract\u00e8re commun des souffrances des soldats des deux camps, qui permettra la r\u00e9conciliation apr\u00e8s les combats.<\/p>\n<p>En allemand, une marelle s\u2019appelle <em>Himmel und H\u00f6lle<\/em>, le ciel et l\u2019enfer. Le joueur, en progressant de haut en bas, s\u2019\u00e9loigne de l\u2019enfer, ici des tranch\u00e9es, pour aller vers le ciel, vers la paix et la r\u00e9conciliation.<\/p>\n<p>La forme de la marelle \u00e9voque aussi la Croix de Lorraine, symbole de la R\u00e9sistance et du combat pour la Libert\u00e9 et la D\u00e9mocratie. <em>\u00a9 Anne Febvay<\/em><\/p>\n<p>Autres lieux \u00e0 voir<\/p>\n<h6><a class=\"card\" href=\"facade-place\">\ufe0f<\/a><a href=\"https:\/\/cmpaix.eu\/fr\/le-portail-place-monseigneur-ginisty\/\">Fa\u00e7ade c\u00f4t\u00e9 place<\/a> \/<a href=\"https:\/\/cmpaix.eu\/fr\/la-rotule\/\">La rotule<\/a> \/&nbsp;<a href=\"https:\/\/cmpaix.eu\/fr\/entree-de-la-cour\/\">la cour d\u2019honneur<\/a>&nbsp; \/&nbsp;<a href=\"https:\/\/cmpaix.eu\/fr\/la-chapelle\/\">La Chapelle<\/a> \/ &nbsp;<a href=\"https:\/\/cmpaix.eu\/fr\/le-peristyle\/\">Le p\u00e9ristyle<\/a> \/&nbsp;<a href=\"https:\/\/cmpaix.eu\/fr\/les-jardins\/\">Les Jardins<\/a> \/&nbsp;<a href=\"https:\/\/cmpaix.eu\/fr\/le-mur-de-berlin\/\">Fragment du Mur de Berlin<\/a> \/&nbsp;<a href=\"https:\/\/cmpaix.eu\/fr\/la-facade-cote-jardins\/\">Fa\u00e7ade c\u00f4t\u00e9 jardin<\/a> \/<a href=\"https:\/\/cmpaix.eu\/fr\/vue-depuis-les-jardins\/\">Vue sur Verdun<\/a>&nbsp;<\/h6>\n<div class=\"image-block\">&nbsp;<\/div>\n<\/section>\n","protected":false},"excerpt":{"rendered":"<p>La Marelle Cette marelle en fonte est une \u0153uvre de l\u2019artiste St\u00e9phane Lallemand. Elle a \u00e9t\u00e9 r\u00e9alis\u00e9e \u00e0 l\u2019occasion du 90e anniversaire de la bataille de Verdun en 2006. Elle est couverte d\u2019extraits de lettres&nbsp; de soldats fran\u00e7ais et allemands \u00e9crites pendant la Premi\u00e8re Guerre mondiale. Ils montrent le caract\u00e8re  [&#8230;]<\/p>\n","protected":false},"author":1,"featured_media":0,"parent":0,"menu_order":5,"comment_status":"closed","ping_status":"closed","template":"","meta":{"ngg_post_thumbnail":0,"footnotes":""},"class_list":["post-14946","page","type-page","status-publish","hentry"],"_links":{"self":[{"href":"https:\/\/cmpaix.eu\/fr\/wp-json\/wp\/v2\/pages\/14946","targetHints":{"allow":["GET"]}}],"collection":[{"href":"https:\/\/cmpaix.eu\/fr\/wp-json\/wp\/v2\/pages"}],"about":[{"href":"https:\/\/cmpaix.eu\/fr\/wp-json\/wp\/v2\/types\/page"}],"author":[{"embeddable":true,"href":"https:\/\/cmpaix.eu\/fr\/wp-json\/wp\/v2\/users\/1"}],"replies":[{"embeddable":true,"href":"https:\/\/cmpaix.eu\/fr\/wp-json\/wp\/v2\/comments?post=14946"}],"version-history":[{"count":8,"href":"https:\/\/cmpaix.eu\/fr\/wp-json\/wp\/v2\/pages\/14946\/revisions"}],"predecessor-version":[{"id":15130,"href":"https:\/\/cmpaix.eu\/fr\/wp-json\/wp\/v2\/pages\/14946\/revisions\/15130"}],"wp:attachment":[{"href":"https:\/\/cmpaix.eu\/fr\/wp-json\/wp\/v2\/media?parent=14946"}],"curies":[{"name":"wp","href":"https:\/\/api.w.org\/{rel}","templated":true}]}}