{"id":14990,"date":"2025-07-04T17:19:02","date_gmt":"2025-07-04T15:19:02","guid":{"rendered":"https:\/\/cmpaix.eu\/fr\/?page_id=14990"},"modified":"2025-09-05T14:20:12","modified_gmt":"2025-09-05T12:20:12","slug":"le-portail-place-monseigneur-ginisty","status":"publish","type":"page","link":"https:\/\/cmpaix.eu\/fr\/le-portail-place-monseigneur-ginisty\/","title":{"rendered":"Le portail et la fa\u00e7ade c\u00f4t\u00e9 place Monseigneur Ginisty"},"content":{"rendered":"<section class=\"palais-section\">\n<h2>Le portail et la fa\u00e7ade c\u00f4t\u00e9 place Monseigneur Ginisty<\/h2>\n<p>\u00c0 partir du Xe si\u00e8cle, <strong>Verdun<\/strong> a fait partie, avec Metz et Toul, des trois \u00e9v\u00each\u00e9s du Saint-Empire romain germanique. Le dioc\u00e8se de Verdun passa sous domination fran\u00e7aise apr\u00e8s l\u2019entr\u00e9e du roi Henri II le 12 juin 1552.<\/p>\n<div class=\"image-block\">\n<p><img class=\"lazyload\" decoding=\"async\" src=\"data:image\/gif;base64,R0lGODlhAQABAAAAACH5BAEKAAEALAAAAAABAAEAAAICTAEAOw==\" data-orig-src=\"http:\/\/cmpaix.eu\/fr\/wp-content\/uploads\/2025\/08\/illustration-1-225x300.jpg\" alt=\"Portrait de Nicolas Psaume\"><\/p>\n<p class=\"legend\">\u00c9v\u00eaque Nicolas Psaume<\/p>\n<\/div>\n<p>L\u2019\u00e9v\u00eaque <strong>Nicolas Psaume<\/strong> fut charg\u00e9 d\u2019introduire la r\u00e9forme tridentine. Il fit construire un palais \u00e9piscopal digne de ce nom.<\/p>\n<div class=\"image-block\">\n<p><img class=\"lazyload\" decoding=\"async\" src=\"data:image\/gif;base64,R0lGODlhAQABAAAAACH5BAEKAAEALAAAAAABAAEAAAICTAEAOw==\" data-orig-src=\"http:\/\/cmpaix.eu\/fr\/wp-content\/uploads\/2025\/08\/illustration-2-225x300.jpg\" alt=\"Portail Renaissance de Nicolas Psaume\"><\/p>\n<p class=\"legend\">Portail Renaissance encore visible aujourd\u2019hui. L\u2019entr\u00e9e principale, un portail encadr\u00e9 de pilastres cannel\u00e9s, est encore visible \u00e0 droite de l\u2019entr\u00e9e de l\u2019actuel Centre Mondial de la Paix.<\/p>\n<\/div>\n<div class=\"image-block\">\n<p><img class=\"lazyload\" decoding=\"async\" src=\"data:image\/gif;base64,R0lGODlhAQABAAAAACH5BAEKAAEALAAAAAABAAEAAAICTAEAOw==\" data-orig-src=\"http:\/\/cmpaix.eu\/fr\/wp-content\/uploads\/2025\/08\/illustration-3-239x300.jpg\" alt=\"Charles Fran\u00e7ois d\u2019Hallencourt\"><\/p>\n<p class=\"legend\">Charles Fran\u00e7ois d\u2019Hallencourt, \u00e9v\u00eaque de Verdun<\/p>\n<\/div>\n<p>Nomm\u00e9 \u00e9v\u00eaque en 1721, <strong>Charles Fran\u00e7ois d\u2019Hallencourt<\/strong> fit appel \u00e0 Robert de Cotte, premier architecte du roi Louis XV, pour b\u00e2tir un palais plus moderne. Le duc de Saint-Simon le d\u00e9crit comme \u00ab plus vaste et plus splendide palais \u00e9piscopal qu\u2019il y ait en France \u00bb.<\/p>\n<\/section>\n","protected":false},"excerpt":{"rendered":"<p>Le portail et la fa\u00e7ade c\u00f4t\u00e9 place Monseigneur Ginisty \u00c0 partir du Xe si\u00e8cle, Verdun a fait partie, avec Metz et Toul, des trois \u00e9v\u00each\u00e9s du Saint-Empire romain germanique. Le dioc\u00e8se de Verdun passa sous domination fran\u00e7aise apr\u00e8s l\u2019entr\u00e9e du roi Henri II le 12 juin 1552. \u00c9v\u00eaque Nicolas Psaume  [&#8230;]<\/p>\n","protected":false},"author":1,"featured_media":0,"parent":0,"menu_order":0,"comment_status":"closed","ping_status":"closed","template":"","meta":{"ngg_post_thumbnail":0,"footnotes":""},"class_list":["post-14990","page","type-page","status-publish","hentry"],"_links":{"self":[{"href":"https:\/\/cmpaix.eu\/fr\/wp-json\/wp\/v2\/pages\/14990","targetHints":{"allow":["GET"]}}],"collection":[{"href":"https:\/\/cmpaix.eu\/fr\/wp-json\/wp\/v2\/pages"}],"about":[{"href":"https:\/\/cmpaix.eu\/fr\/wp-json\/wp\/v2\/types\/page"}],"author":[{"embeddable":true,"href":"https:\/\/cmpaix.eu\/fr\/wp-json\/wp\/v2\/users\/1"}],"replies":[{"embeddable":true,"href":"https:\/\/cmpaix.eu\/fr\/wp-json\/wp\/v2\/comments?post=14990"}],"version-history":[{"count":9,"href":"https:\/\/cmpaix.eu\/fr\/wp-json\/wp\/v2\/pages\/14990\/revisions"}],"predecessor-version":[{"id":15124,"href":"https:\/\/cmpaix.eu\/fr\/wp-json\/wp\/v2\/pages\/14990\/revisions\/15124"}],"wp:attachment":[{"href":"https:\/\/cmpaix.eu\/fr\/wp-json\/wp\/v2\/media?parent=14990"}],"curies":[{"name":"wp","href":"https:\/\/api.w.org\/{rel}","templated":true}]}}